{"id":9661,"date":"2014-07-10T18:28:26","date_gmt":"2014-07-10T18:28:26","guid":{"rendered":"http:\/\/localhost:8888\/themes\/ventory\/?page_id=9661"},"modified":"2024-10-30T04:40:47","modified_gmt":"2024-10-30T04:40:47","slug":"portfolio-4-columns-grid","status":"publish","type":"page","link":"https:\/\/resifip.net\/?page_id=9661","title":{"rendered":"Conf\u00e9rences"},"content":{"rendered":"<div class=\"wpb-content-wrapper\"><p>[vc_row top_padding=&#8221;60&#8243; bg_position=&#8221;left top&#8221;][vc_column]<div class=\"blog-shortcode blog-page blog-medium\"><div class=\"blog-wrap\"><article id=\"post-16212\" class=\"clearfix post-16212 post type-post status-publish format-standard has-post-thumbnail hentry category-conference category-news\">\n    \n        <div class=\"entry-image\">\n        <a href=\"https:\/\/resifip.net\/?p=16212\" title=\"Permalink to 8\u00e8me CONFERENCE DES INSTITUTS DES FINANCES PUBLIQUES\" rel=\"bookmark\">\n            <img loading=\"lazy\" decoding=\"async\" width=\"600\" height=\"400\" src=\"https:\/\/resifip.net\/wp-content\/uploads\/2026\/05\/Visuel-2026-600x400.jpeg\" class=\"attachment-portfolio size-portfolio wp-post-image\" alt=\"\" \/>        <\/a>\n    <\/div>\n        \n    <div class=\"entry-wrap\">\n\n        <div class=\"entry-title\">\n        \t<h2><a href=\"https:\/\/resifip.net\/?p=16212\" title=\"Permalink to 8\u00e8me CONFERENCE DES INSTITUTS DES FINANCES PUBLIQUES\" rel=\"bookmark\">8\u00e8me CONFERENCE DES INSTITUTS DES FINANCES PUBLIQUES<\/a><\/h2>\n        <\/div>\n\n        <div class=\"entry-content\">\n        \t        <\/div>\n\n        <div class=\"entry-meta\">\n            <ul>\n\t\t\n\t\t<li class=\"meta-date\">08\/05\/2026<\/li>\n\t\t\t\t<li class=\"meta-author\"><a href=\"https:\/\/resifip.net\/?author=1\" title=\"View all posts by epole\">epole<\/a><\/li>\n\t\t\t\t<li class=\"meta-category\"><a href=\"https:\/\/resifip.net\/?cat=74\" rel=\"category\">Conferences<\/a>, <a href=\"https:\/\/resifip.net\/?cat=19\" rel=\"category\">News<\/a><\/li>\n\t\t<\/ul>\n        <\/div>\n\n    <\/div>\n\n<\/article><!-- #post -->\n\n<div class=\"clear\"><\/div><article id=\"post-16177\" class=\"clearfix post-16177 post type-post status-publish format-standard has-post-thumbnail hentry category-conference category-news\">\n    \n        <div class=\"entry-image\">\n        <a href=\"https:\/\/resifip.net\/?p=16177\" title=\"Permalink to Abidjan accueille la 7\u1d49 Conf\u00e9rence Internationale sur les Finances Publiques\" rel=\"bookmark\">\n            <img loading=\"lazy\" decoding=\"async\" width=\"600\" height=\"400\" src=\"https:\/\/resifip.net\/wp-content\/uploads\/2025\/05\/1-7eme edition-600x400.png\" class=\"attachment-portfolio size-portfolio wp-post-image\" alt=\"\" \/>        <\/a>\n    <\/div>\n        \n    <div class=\"entry-wrap\">\n\n        <div class=\"entry-title\">\n        \t<h2><a href=\"https:\/\/resifip.net\/?p=16177\" title=\"Permalink to Abidjan accueille la 7\u1d49 Conf\u00e9rence Internationale sur les Finances Publiques\" rel=\"bookmark\">Abidjan accueille la 7\u1d49 Conf\u00e9rence Internationale sur les Finances Publiques<\/a><\/h2>\n        <\/div>\n\n        <div class=\"entry-content\">\n        \tLe RESIFIP donne rendez-vous \u00e0 ses membres et partenaires le 12 mai 2025 \u00e0 Abidjan, pour une \u00e9dition r\u00e9solument tourn\u00e9e vers l\u2019avenir et la transition \u00e9cologique. Sous le th\u00e8me \u00ab... <a class=\"read-more-link\" href=\"https:\/\/resifip.net\/?p=16177\">read more  &rarr;<\/a>        <\/div>\n\n        <div class=\"entry-meta\">\n            <ul>\n\t\t\n\t\t<li class=\"meta-date\">12\/05\/2025<\/li>\n\t\t\t\t<li class=\"meta-author\"><a href=\"https:\/\/resifip.net\/?author=1\" title=\"View all posts by epole\">epole<\/a><\/li>\n\t\t\t\t<li class=\"meta-category\"><a href=\"https:\/\/resifip.net\/?cat=74\" rel=\"category\">Conferences<\/a>, <a href=\"https:\/\/resifip.net\/?cat=19\" rel=\"category\">News<\/a><\/li>\n\t\t<\/ul>\n        <\/div>\n\n    <\/div>\n\n<\/article><!-- #post -->\n\n<div class=\"clear\"><\/div><article id=\"post-16047\" class=\"clearfix post-16047 post type-post status-publish format-standard has-post-thumbnail hentry category-conference\">\n    \n        <div class=\"entry-image\">\n        <a href=\"https:\/\/resifip.net\/?p=16047\" title=\"Permalink to CONFERENCE DES INSTITUTS DES FINANCES PUBLIQUES 6\u00e8me EDITION\" rel=\"bookmark\">\n            <img loading=\"lazy\" decoding=\"async\" width=\"600\" height=\"400\" src=\"https:\/\/resifip.net\/wp-content\/uploads\/2025\/04\/Screenshot-2025-04-17-at-03.36.13-600x400.png\" class=\"attachment-portfolio size-portfolio wp-post-image\" alt=\"\" \/>        <\/a>\n    <\/div>\n        \n    <div class=\"entry-wrap\">\n\n        <div class=\"entry-title\">\n        \t<h2><a href=\"https:\/\/resifip.net\/?p=16047\" title=\"Permalink to CONFERENCE DES INSTITUTS DES FINANCES PUBLIQUES 6\u00e8me EDITION\" rel=\"bookmark\">CONFERENCE DES INSTITUTS DES FINANCES PUBLIQUES 6\u00e8me EDITION<\/a><\/h2>\n        <\/div>\n\n        <div class=\"entry-content\">\n        \t6\u00e8me\u00a0EDITION Rabat, 20-21 Mai 2024 THEME\u00a0:\u00abRECHERCHE ET L'INOVATION MANAG\u00e9RIALE Dans un contexte mondial marqu\u00e9 par des d\u00e9fis \u00e9conomiques et sociaux sans pr\u00e9c\u00e9dent, lagestion des finances publiques se trouve au c\u0153ur... <a class=\"read-more-link\" href=\"https:\/\/resifip.net\/?p=16047\">read more  &rarr;<\/a>        <\/div>\n\n        <div class=\"entry-meta\">\n            <ul>\n\t\t\n\t\t<li class=\"meta-date\">17\/04\/2025<\/li>\n\t\t\t\t<li class=\"meta-author\"><a href=\"https:\/\/resifip.net\/?author=1\" title=\"View all posts by epole\">epole<\/a><\/li>\n\t\t\t\t<li class=\"meta-category\"><a href=\"https:\/\/resifip.net\/?cat=74\" rel=\"category\">Conferences<\/a><\/li>\n\t\t<\/ul>\n        <\/div>\n\n    <\/div>\n\n<\/article><!-- #post -->\n\n<div class=\"clear\"><\/div><article id=\"post-16113\" class=\"clearfix post-16113 post type-post status-publish format-standard has-post-thumbnail hentry category-conference category-news\">\n    \n        <div class=\"entry-image\">\n        <a href=\"https:\/\/resifip.net\/?p=16113\" title=\"Permalink to 5\u00e8me Conf\u00e9rence des Instituts des Finances Publiques\" rel=\"bookmark\">\n            <img loading=\"lazy\" decoding=\"async\" width=\"600\" height=\"400\" src=\"https:\/\/resifip.net\/wp-content\/uploads\/2025\/04\/webinaire5eme-600x400.png\" class=\"attachment-portfolio size-portfolio wp-post-image\" alt=\"\" \/>        <\/a>\n    <\/div>\n        \n    <div class=\"entry-wrap\">\n\n        <div class=\"entry-title\">\n        \t<h2><a href=\"https:\/\/resifip.net\/?p=16113\" title=\"Permalink to 5\u00e8me Conf\u00e9rence des Instituts des Finances Publiques\" rel=\"bookmark\">5\u00e8me Conf\u00e9rence des Instituts des Finances Publiques<\/a><\/h2>\n        <\/div>\n\n        <div class=\"entry-content\">\n        \tTh\u00e8me : \u00ab Aspects manag\u00e9riaux et organisationnels des administrations des finances publiques \u00e0 l\u2019\u00e8re de la COVID-19 \u00bb Contexte La pand\u00e9mie de la COVID-19 a boulevers\u00e9 les fondements de l'organisation... <a class=\"read-more-link\" href=\"https:\/\/resifip.net\/?p=16113\">read more  &rarr;<\/a>        <\/div>\n\n        <div class=\"entry-meta\">\n            <ul>\n\t\t\n\t\t<li class=\"meta-date\">18\/11\/2024<\/li>\n\t\t\t\t<li class=\"meta-author\"><a href=\"https:\/\/resifip.net\/?author=1\" title=\"View all posts by epole\">epole<\/a><\/li>\n\t\t\t\t<li class=\"meta-category\"><a href=\"https:\/\/resifip.net\/?cat=74\" rel=\"category\">Conferences<\/a>, <a href=\"https:\/\/resifip.net\/?cat=19\" rel=\"category\">News<\/a><\/li>\n\t\t<\/ul>\n        <\/div>\n\n    <\/div>\n\n<\/article><!-- #post -->\n\n<div class=\"clear\"><\/div><article id=\"post-15688\" class=\"clearfix post-15688 post type-post status-publish format-standard has-post-thumbnail hentry category-conference\">\n    \n        <div class=\"entry-image\">\n        <a href=\"https:\/\/resifip.net\/?p=15688\" title=\"Permalink to CONFERENCE DES INSTITUTS DES FINANCES PUBLIQUES 4\u00e8me EDITION\" rel=\"bookmark\">\n            <img loading=\"lazy\" decoding=\"async\" width=\"600\" height=\"400\" src=\"https:\/\/resifip.net\/wp-content\/uploads\/2024\/10\/ifpa_4_edition_11-600x400.jpeg\" class=\"attachment-portfolio size-portfolio wp-post-image\" alt=\"\" srcset=\"https:\/\/resifip.net\/wp-content\/uploads\/2024\/10\/ifpa_4_edition_11-600x401.jpeg 600w, https:\/\/resifip.net\/wp-content\/uploads\/2024\/10\/ifpa_4_edition_11-300x200.jpeg 300w, https:\/\/resifip.net\/wp-content\/uploads\/2024\/10\/ifpa_4_edition_11-1024x684.jpeg 1024w, https:\/\/resifip.net\/wp-content\/uploads\/2024\/10\/ifpa_4_edition_11-768x513.jpeg 768w, https:\/\/resifip.net\/wp-content\/uploads\/2024\/10\/ifpa_4_edition_11.jpeg 1280w\" sizes=\"auto, (max-width: 600px) 100vw, 600px\" \/>        <\/a>\n    <\/div>\n        \n    <div class=\"entry-wrap\">\n\n        <div class=\"entry-title\">\n        \t<h2><a href=\"https:\/\/resifip.net\/?p=15688\" title=\"Permalink to CONFERENCE DES INSTITUTS DES FINANCES PUBLIQUES 4\u00e8me EDITION\" rel=\"bookmark\">CONFERENCE DES INSTITUTS DES FINANCES PUBLIQUES 4\u00e8me EDITION<\/a><\/h2>\n        <\/div>\n\n        <div class=\"entry-content\">\n        \t4\u00e8me&nbsp;EDITION Rabat, 17-18 f\u00e9vrier 2020 THEME&nbsp;:\u00ab&nbsp;Formation et digitalisation des finances publiques&nbsp;: Contexte Avec l\u2019expansion rapide de l\u2019\u00e9conomie, la digitalisation a r\u00e9volutionn\u00e9 en profondeur la majeure partie des secteurs de l\u2019\u00e9conomie... <a class=\"read-more-link\" href=\"https:\/\/resifip.net\/?p=15688\">read more  &rarr;<\/a>        <\/div>\n\n        <div class=\"entry-meta\">\n            <ul>\n\t\t\n\t\t<li class=\"meta-date\">30\/10\/2024<\/li>\n\t\t\t\t<li class=\"meta-author\"><a href=\"https:\/\/resifip.net\/?author=1\" title=\"View all posts by epole\">epole<\/a><\/li>\n\t\t\t\t<li class=\"meta-category\"><a href=\"https:\/\/resifip.net\/?cat=74\" rel=\"category\">Conferences<\/a><\/li>\n\t\t<\/ul>\n        <\/div>\n\n    <\/div>\n\n<\/article><!-- #post -->\n\n<div class=\"clear\"><\/div><article id=\"post-16116\" class=\"clearfix post-16116 post type-post status-publish format-standard has-post-thumbnail hentry category-conference category-news\">\n    \n        <div class=\"entry-image\">\n        <a href=\"https:\/\/resifip.net\/?p=16116\" title=\"Permalink to Webinaire : \u00ab Quelle formation apr\u00e8s le Covid-19 ? \u00bb\" rel=\"bookmark\">\n            <img loading=\"lazy\" decoding=\"async\" width=\"600\" height=\"400\" src=\"https:\/\/resifip.net\/wp-content\/uploads\/2025\/04\/wibinaire-Covid-600x400.jpg\" class=\"attachment-portfolio size-portfolio wp-post-image\" alt=\"\" srcset=\"https:\/\/resifip.net\/wp-content\/uploads\/2025\/04\/wibinaire-Covid-600x400.jpg 600w, https:\/\/resifip.net\/wp-content\/uploads\/2025\/04\/wibinaire-Covid-300x200.jpg 300w, https:\/\/resifip.net\/wp-content\/uploads\/2025\/04\/wibinaire-Covid-1024x683.jpg 1024w, https:\/\/resifip.net\/wp-content\/uploads\/2025\/04\/wibinaire-Covid-768x512.jpg 768w, https:\/\/resifip.net\/wp-content\/uploads\/2025\/04\/wibinaire-Covid-1536x1024.jpg 1536w, https:\/\/resifip.net\/wp-content\/uploads\/2025\/04\/wibinaire-Covid.jpg 1920w\" sizes=\"auto, (max-width: 600px) 100vw, 600px\" \/>        <\/a>\n    <\/div>\n        \n    <div class=\"entry-wrap\">\n\n        <div class=\"entry-title\">\n        \t<h2><a href=\"https:\/\/resifip.net\/?p=16116\" title=\"Permalink to Webinaire : \u00ab Quelle formation apr\u00e8s le Covid-19 ? \u00bb\" rel=\"bookmark\">Webinaire : \u00ab Quelle formation apr\u00e8s le Covid-19 ? \u00bb<\/a><\/h2>\n        <\/div>\n\n        <div class=\"entry-content\">\n        \tUne r\u00e9flexion collective sur l\u2019avenir de la formation dans les administrations publiques La crise sanitaire mondiale provoqu\u00e9e par la COVID-19 a boulevers\u00e9 les modes de fonctionnement traditionnels des administrations publiques,... <a class=\"read-more-link\" href=\"https:\/\/resifip.net\/?p=16116\">read more  &rarr;<\/a>        <\/div>\n\n        <div class=\"entry-meta\">\n            <ul>\n\t\t\n\t\t<li class=\"meta-date\">18\/04\/2022<\/li>\n\t\t\t\t<li class=\"meta-author\"><a href=\"https:\/\/resifip.net\/?author=1\" title=\"View all posts by epole\">epole<\/a><\/li>\n\t\t\t\t<li class=\"meta-category\"><a href=\"https:\/\/resifip.net\/?cat=74\" rel=\"category\">Conferences<\/a>, <a href=\"https:\/\/resifip.net\/?cat=19\" rel=\"category\">News<\/a><\/li>\n\t\t<\/ul>\n        <\/div>\n\n    <\/div>\n\n<\/article><!-- #post -->\n\n<div class=\"clear\"><\/div><article id=\"post-16124\" class=\"clearfix post-16124 post type-post status-publish format-standard has-post-thumbnail hentry category-conference category-news\">\n    \n        <div class=\"entry-image\">\n        <a href=\"https:\/\/resifip.net\/?p=16124\" title=\"Permalink to 2\u00e8me Conf\u00e9rence des Instituts des Finances Publiques : Vers une coop\u00e9ration renforc\u00e9e pour la modernisation de la gestion publique\" rel=\"bookmark\">\n            <img loading=\"lazy\" decoding=\"async\" width=\"600\" height=\"400\" src=\"https:\/\/resifip.net\/wp-content\/uploads\/2025\/04\/rencontre_maroc-tunis-600x400.jpeg\" class=\"attachment-portfolio size-portfolio wp-post-image\" alt=\"\" srcset=\"https:\/\/resifip.net\/wp-content\/uploads\/2025\/04\/rencontre_maroc-tunis-600x400.jpeg 600w, https:\/\/resifip.net\/wp-content\/uploads\/2025\/04\/rencontre_maroc-tunis-300x199.jpeg 300w\" sizes=\"auto, (max-width: 600px) 100vw, 600px\" \/>        <\/a>\n    <\/div>\n        \n    <div class=\"entry-wrap\">\n\n        <div class=\"entry-title\">\n        \t<h2><a href=\"https:\/\/resifip.net\/?p=16124\" title=\"Permalink to 2\u00e8me Conf\u00e9rence des Instituts des Finances Publiques : Vers une coop\u00e9ration renforc\u00e9e pour la modernisation de la gestion publique\" rel=\"bookmark\">2\u00e8me Conf\u00e9rence des Instituts des Finances Publiques : Vers une coop\u00e9ration renforc\u00e9e pour la modernisation de la gestion publique<\/a><\/h2>\n        <\/div>\n\n        <div class=\"entry-content\">\n        \tMarrakech, 21 au 23 novembre 2017 \u2013 Une d\u00e9claration commune pour une ambition partag\u00e9e La 2\u00e8me Conf\u00e9rence des Instituts des Finances Publiques s\u2019est tenue \u00e0 Marrakech, du 21 au 23... <a class=\"read-more-link\" href=\"https:\/\/resifip.net\/?p=16124\">read more  &rarr;<\/a>        <\/div>\n\n        <div class=\"entry-meta\">\n            <ul>\n\t\t\n\t\t<li class=\"meta-date\">18\/04\/2020<\/li>\n\t\t\t\t<li class=\"meta-author\"><a href=\"https:\/\/resifip.net\/?author=1\" title=\"View all posts by epole\">epole<\/a><\/li>\n\t\t\t\t<li class=\"meta-category\"><a href=\"https:\/\/resifip.net\/?cat=74\" rel=\"category\">Conferences<\/a>, <a href=\"https:\/\/resifip.net\/?cat=19\" rel=\"category\">News<\/a><\/li>\n\t\t<\/ul>\n        <\/div>\n\n    <\/div>\n\n<\/article><!-- #post -->\n\n<div class=\"clear\"><\/div><\/div><\/div>[\/vc_column][\/vc_row][vc_row type=&#8221;full_width_section&#8221; bottom_padding=&#8221;40&#8243; bg_position=&#8221;left top&#8221;][vc_column width=&#8221;1\/1&#8243;][\/vc_column][\/vc_row]<\/p>\n<\/div>","protected":false},"excerpt":{"rendered":"<p>[vc_row top_padding=&#8221;60&#8243; bg_position=&#8221;left top&#8221;][vc_column][\/vc_column][\/vc_row][vc_row type=&#8221;full_width_section&#8221; bottom_padding=&#8221;40&#8243; bg_position=&#8221;left top&#8221;][vc_column width=&#8221;1\/1&#8243;][\/vc_column][\/vc_row]<\/p>\n","protected":false},"author":1,"featured_media":0,"parent":3183,"menu_order":0,"comment_status":"open","ping_status":"open","template":"","meta":{"footnotes":""},"class_list":["post-9661","page","type-page","status-publish","hentry"],"_links":{"self":[{"href":"https:\/\/resifip.net\/index.php?rest_route=\/wp\/v2\/pages\/9661","targetHints":{"allow":["GET"]}}],"collection":[{"href":"https:\/\/resifip.net\/index.php?rest_route=\/wp\/v2\/pages"}],"about":[{"href":"https:\/\/resifip.net\/index.php?rest_route=\/wp\/v2\/types\/page"}],"author":[{"embeddable":true,"href":"https:\/\/resifip.net\/index.php?rest_route=\/wp\/v2\/users\/1"}],"replies":[{"embeddable":true,"href":"https:\/\/resifip.net\/index.php?rest_route=%2Fwp%2Fv2%2Fcomments&post=9661"}],"version-history":[{"count":2,"href":"https:\/\/resifip.net\/index.php?rest_route=\/wp\/v2\/pages\/9661\/revisions"}],"predecessor-version":[{"id":15696,"href":"https:\/\/resifip.net\/index.php?rest_route=\/wp\/v2\/pages\/9661\/revisions\/15696"}],"up":[{"embeddable":true,"href":"https:\/\/resifip.net\/index.php?rest_route=\/wp\/v2\/pages\/3183"}],"wp:attachment":[{"href":"https:\/\/resifip.net\/index.php?rest_route=%2Fwp%2Fv2%2Fmedia&parent=9661"}],"curies":[{"name":"wp","href":"https:\/\/api.w.org\/{rel}","templated":true}]}}