{"id":4174,"date":"2014-01-27T14:04:26","date_gmt":"2014-01-27T14:04:26","guid":{"rendered":"http:\/\/localhost:8888\/themes\/novice\/?page_id=4174"},"modified":"2025-05-12T14:46:07","modified_gmt":"2025-05-12T13:46:07","slug":"home-creative","status":"publish","type":"page","link":"https:\/\/resifip.net\/","title":{"rendered":"Accueil"},"content":{"rendered":"<div class=\"wpb-content-wrapper\"><p>[vc_row type=&#8221;full_width_section&#8221; bg_position=&#8221;left top&#8221;][vc_column width=&#8221;1\/1&#8243;][rev_slider_vc alias=&#8221;default&#8221;][\/vc_column][\/vc_row][vc_row section_arrow=&#8221;false&#8221; top_padding=&#8221;100&#8243; bottom_padding=&#8221;100&#8243; bg_position=&#8221;left top&#8221;][vc_column width=&#8221;1\/3&#8243;]<div class=\"iconbox  wpb_content_element iconbox-style-2 icon-color-accent color-dark clearfix\"><div class=\"iconbox-icon\"><i class=\"fa fa-flag boxicon\" style=\"\"><\/i><\/div><div class=\"iconbox-content\"><h3>Un r\u00e9seau au service de l&#039;excellence<\/h3><p>RESIFIP rassemble des professionnels engag\u00e9s dans la transformation des finances publiques. Nous favorisons l\u2019\u00e9change d\u2019id\u00e9es, le partage de solutions innovantes et le renforcement des comp\u00e9tences pour une gestion optimale des ressources publiques.<\/p><\/div><\/div>[\/vc_column][vc_column width=&#8221;1\/3&#8243;]<div class=\"iconbox  wpb_content_element iconbox-style-2 icon-color-accent color-dark clearfix\"><div class=\"iconbox-icon\"><i class=\"fa sl-layers boxicon\" style=\"\"><\/i><\/div><div class=\"iconbox-content\"><h3>Une expertise internationale<\/h3><p>Notre r\u00e9seau repose sur les contributions d\u2019experts internationaux : \u00e9conomistes, praticiens des finances publiques, universitaires et d\u00e9cideurs politiques. Ensemble, nous d\u00e9veloppons des approches adapt\u00e9es aux r\u00e9alit\u00e9s locales et aux standards mondiaux.<\/p><\/div><\/div>[\/vc_column][vc_column width=&#8221;1\/3&#8243;]<div class=\"iconbox  wpb_content_element iconbox-style-2 icon-color-accent color-dark clearfix\"><div class=\"iconbox-icon\"><i class=\"fa sl-trophy boxicon\" style=\"\"><\/i><\/div><div class=\"iconbox-content\"><h3>Une vision orient\u00e9e vers l\u2019impact<\/h3><p>Avec RESIFIP, l\u2019accent est mis sur l\u2019impact concret\u202f: am\u00e9liorer la transparence, renforcer la gouvernance et optimiser les pratiques budg\u00e9taires. Chaque initiative vise \u00e0 faire progresser les administrations publiques tout en r\u00e9pondant aux diff\u00e9rents besoins des citoyens.<\/p><\/div><\/div>[\/vc_column][\/vc_row][vc_row bg_image=&#8221;15558&#8243; bg_color=&#8221;#b9dbf7&#8243; top_padding=&#8221;100&#8243; bottom_padding=&#8221;100&#8243; bg_position=&#8221;left top&#8221;][vc_column width=&#8221;1\/1&#8243;]<div class=\"spacer\" style=\"height: 40px;\"><\/div><div class=\"callout clearfix\" style=\"background-color:#58d867; color:#494949;\">\n\t\t<div class=\"callout-text\">Ne manquez pas nos prochaines conf\u00e9rences ! Inscrivez-vous d\u00e8s aujourd&#8217;hui pour r\u00e9server votre place.<\/div>\n\t\t\t<div class=\"callout-button\"><a class=\"button medium color-1\" href=\"https:\/\/cifp.finances.gov.ma\" target=\"_blank\">R\u00e9servez ma place``<\/a><\/div>\n\t\t<\/div><div class=\"divider divider1\" style='margin:60px 0 60px 0 !important;'><\/div>[\/vc_column][\/vc_row][vc_row top_padding=&#8221;100&#8243; bottom_padding=&#8221;80&#8243; bg_position=&#8221;left top&#8221;][vc_column width=&#8221;1\/1&#8243;]<h3 class=\"headline font-special fontsize-l fontweight-700 lh-inherit align-center transform-uppercase \" style=\"margin: -20px 0 20px 0;\">Actualit\u00e9s<\/h3><div class=\"latest-blog horizontal clearfix\"><div class=\"latest-blog-list horizontal vc_col-sm-4 clearfix wpb_content_element\">\n\t\t\t\t\t\t\t<div class=\"blog-list-item-thumb\"><a href=\"https:\/\/resifip.net\/?p=16212\" title=\"8\u00e8me CONFERENCE DES INSTITUTS DES FINANCES PUBLIQUES\"><img decoding=\"async\" src=\"https:\/\/resifip.net\/wp-content\/uploads\/2026\/05\/Visuel-2026-150x150.jpeg\" alt=\"8\u00e8me CONFERENCE DES INSTITUTS DES FINANCES PUBLIQUES\" \/><\/a><\/div>\n\t\t\t\t\t\t  \t<div class=\"blog-list-item-description\">\n\t\t\t\t\t\t\t\t<h3><a href=\"https:\/\/resifip.net\/?p=16212\" title=\"8\u00e8me CONFERENCE DES INSTITUTS DES FINANCES PUBLIQUES\">8\u00e8me CONFERENCE DES INSTITUTS DES FINANCES PUBLIQUES<\/a><\/h3>\n\t\t\t\t\t\t\t  \t<div class=\"blog-list-item-excerpt\">.. <a href=\"https:\/\/resifip.net\/?p=16212\">Read More &rarr;<\/a><\/div>\n\t\t\t\t\t\t\t<\/div>\n\t\t\t\t\t  \t<\/div><div class=\"latest-blog-list horizontal vc_col-sm-4 clearfix wpb_content_element\">\n\t\t\t\t\t\t\t<div class=\"blog-list-item-thumb\"><a href=\"https:\/\/resifip.net\/?p=16177\" title=\"Abidjan accueille la 7\u1d49 Conf\u00e9rence Internationale sur les Finances Publiques\"><img decoding=\"async\" src=\"https:\/\/resifip.net\/wp-content\/uploads\/2025\/05\/1-7eme%20edition-150x150.png\" alt=\"Abidjan accueille la 7\u1d49 Conf\u00e9rence Internationale sur les Finances Publiques\" \/><\/a><\/div>\n\t\t\t\t\t\t  \t<div class=\"blog-list-item-description\">\n\t\t\t\t\t\t\t\t<h3><a href=\"https:\/\/resifip.net\/?p=16177\" title=\"Abidjan accueille la 7\u1d49 Conf\u00e9rence Internationale sur les Finances Publiques\">Abidjan accueille la 7\u1d49 Conf\u00e9rence Internationale sur les Finances Publiques<\/a><\/h3>\n\t\t\t\t\t\t\t  \t<div class=\"blog-list-item-excerpt\">Le RESIFIP donne rendez-vous \u00e0 ses membres et partenaires le 12 mai 2025 \u00e0 Abidjan, pour une \u00e9dition r\u00e9solument tourn\u00e9e vers l\u2019avenir et.. <a href=\"https:\/\/resifip.net\/?p=16177\">Read More &rarr;<\/a><\/div>\n\t\t\t\t\t\t\t<\/div>\n\t\t\t\t\t  \t<\/div><div class=\"latest-blog-list horizontal vc_col-sm-4 clearfix wpb_content_element\">\n\t\t\t\t\t\t\t<div class=\"blog-list-item-thumb\"><a href=\"https:\/\/resifip.net\/?p=16122\" title=\"La 7\u00e8me Conf\u00e9rence Internationale sur les Finances Publiques (CIFP) se tiendra \u00e0 Abidjan en mai 2025\"><img decoding=\"async\" src=\"https:\/\/resifip.net\/wp-content\/uploads\/2025\/04\/coteivoire.avif\" alt=\"La 7\u00e8me Conf\u00e9rence Internationale sur les Finances Publiques (CIFP) se tiendra \u00e0 Abidjan en mai 2025\" \/><\/a><\/div>\n\t\t\t\t\t\t  \t<div class=\"blog-list-item-description\">\n\t\t\t\t\t\t\t\t<h3><a href=\"https:\/\/resifip.net\/?p=16122\" title=\"La 7\u00e8me Conf\u00e9rence Internationale sur les Finances Publiques (CIFP) se tiendra \u00e0 Abidjan en mai 2025\">La 7\u00e8me Conf\u00e9rence Internationale sur les Finances Publiques (CIFP) se tiendra \u00e0 Abidjan en mai 2025<\/a><\/h3>\n\t\t\t\t\t\t\t  \t<div class=\"blog-list-item-excerpt\">Le R\u00e9seau des Instituts des Finances Publiques (RESIFIP) a le plaisir d\u2019annoncer la tenue de sa 7&lt;sup&gt;\u00e8me&lt;\/sup&gt; Conf\u00e9rence Internationale sur les Finances Publiques.. <a href=\"https:\/\/resifip.net\/?p=16122\">Read More &rarr;<\/a><\/div>\n\t\t\t\t\t\t\t<\/div>\n\t\t\t\t\t  \t<\/div><\/div>[\/vc_column][\/vc_row][vc_row bg_color=&#8221;#222222&#8243; text_color=&#8221;light&#8221; top_padding=&#8221;50&#8243; bottom_padding=&#8221;50&#8243; bg_position=&#8221;center center&#8221;][vc_column width=&#8221;1\/4&#8243;]<div class=\"counter clearfix wpb_content_element\"><div class=\"counter-number\" style=\"color: #ffffff !important;\">34<\/div><span class=\"counter-title\">Pays Membres<\/span><\/div>[\/vc_column][vc_column width=&#8221;1\/4&#8243;]<div class=\"counter clearfix wpb_content_element\"><div class=\"counter-number\" style=\"color: #ffffff !important;\">6<\/div><span class=\"counter-title\">Patenaires<\/span><\/div>[\/vc_column][vc_column width=&#8221;1\/4&#8243;]<div class=\"counter clearfix wpb_content_element\"><div class=\"counter-number\" style=\"color: #ffffff !important;\">6<\/div><span class=\"counter-title\">Conf\u00e9rences Internationales<\/span><\/div>[\/vc_column][vc_column width=&#8221;1\/4&#8243;]<div class=\"counter clearfix wpb_content_element\"><div class=\"counter-number\" style=\"color: #ffffff !important;\">104<\/div><span class=\"counter-title\">Articles<\/span><\/div>[\/vc_column][\/vc_row][vc_row][vc_column width=&#8221;1\/1&#8243;]<div class=\"spacer\" style=\"height: 30px;\"><\/div>[\/vc_column][\/vc_row][vc_row type=&#8221;full_width_section&#8221; bg_position=&#8221;center top&#8221;][vc_column width=&#8221;1\/1&#8243;]\n\t\t<div class=\"portfolio-element\">\n\n\t\t\n\t\t\n\t\t\t\t\t<div id=\"910561992\" class=\"portfolio-items portfolio-nomargin portfolio-overlay-effect clearfix\" data-id=\"910561992\">  \n\t\t\t\t\t\t\n\t\t\t\t\t\t\t\n\t\t\t\t\t\t\t\n\t\t\t\t\t\t\n\t\t\t\t\t\t\t\t\t\t\t\t\t\t\t\t\n\t\t\t\t\t\t\t\t   \n\n\t\t\t\t\t\t\t\t<div class=\"term-architecture term-web-development portfolio-item nomargin\">\n\t\t\t\t\t\t\t\t\t<div class=\"portfolio-image\"><a href=\"https:\/\/resifip.net\/?portfolio=iwatch\" title=\"2\u00e8me Edition\"><div class=\"portfolio-image-img\"><img decoding=\"async\" src=\"https:\/\/resifip.net\/wp-content\/uploads\/2014\/12\/Capture-decran-2025-04-23-145613-600x400.png\" alt=\"2\u00e8me Edition\" \/><\/div><div class=\"portfolio-overlay overlay-effect\"><span>2\u00e8me Edition<\/span><\/div><\/a><\/div>\n\t\t\t\t\t\t\t\t<\/div>\n\n\t\t\t\t\t\t\t\t\t\t\t\t  \n\t\t\t\t\t\t\n\t\t\t\t\t\t\t\n\t\t\t\t\t\t\t\n\t\t\t\t\t\t\n\t\t\t\t\t\t\t\t\t\t\t\t\t\t\t\t\n\t\t\t\t\t\t\t\t   \n\n\t\t\t\t\t\t\t\t<div class=\"term-architecture term-photography portfolio-item nomargin\">\n\t\t\t\t\t\t\t\t\t<div class=\"portfolio-image\"><a href=\"https:\/\/resifip.net\/?portfolio=magazine\" title=\"4\u00e8me Edition\"><div class=\"portfolio-image-img\"><img decoding=\"async\" src=\"https:\/\/resifip.net\/wp-content\/uploads\/2014\/12\/Capture-decran-2025-04-23-144330-600x400.png\" alt=\"4\u00e8me Edition\" \/><\/div><div class=\"portfolio-overlay overlay-effect\"><span>4\u00e8me Edition<\/span><\/div><\/a><\/div>\n\t\t\t\t\t\t\t\t<\/div>\n\n\t\t\t\t\t\t\t\t\t\t\t\t  \n\t\t\t\t\t\t\n\t\t\t\t\t\t\t\n\t\t\t\t\t\t\t\n\t\t\t\t\t\t\n\t\t\t\t\t\t\t\t\t\t\t\t\t\t\t\t\n\t\t\t\t\t\t\t\t   \n\n\t\t\t\t\t\t\t\t<div class=\"term-animation term-design portfolio-item nomargin\">\n\t\t\t\t\t\t\t\t\t<div class=\"portfolio-image\"><a href=\"https:\/\/resifip.net\/?portfolio=ipad-smart-cover\" title=\"5\u00e8me Edition\"><div class=\"portfolio-image-img\"><img decoding=\"async\" src=\"https:\/\/resifip.net\/wp-content\/uploads\/2014\/12\/Capture-decran-2025-04-23-145133-600x400.png\" alt=\"5\u00e8me Edition\" \/><\/div><div class=\"portfolio-overlay overlay-effect\"><span>5\u00e8me Edition<\/span><\/div><\/a><\/div>\n\t\t\t\t\t\t\t\t<\/div>\n\n\t\t\t\t\t\t\t\t\t\t\t\t  \n\t\t\t\t\t\t\n\t\t\t\t\t\t\t\n\t\t\t\t\t\t\t\n\t\t\t\t\t\t\n\t\t\t\t\t\t\t\t\t\t\t\t\t\t\t\t\n\t\t\t\t\t\t\t\t   \n\n\t\t\t\t\t\t\t\t<div class=\"term-design portfolio-item nomargin\">\n\t\t\t\t\t\t\t\t\t<div class=\"portfolio-image\"><a href=\"https:\/\/resifip.net\/?portfolio=iphone-6-app\" title=\"6\u00e8me EDITION\"><div class=\"portfolio-image-img\"><img decoding=\"async\" src=\"https:\/\/resifip.net\/wp-content\/uploads\/2014\/12\/Screenshot-2025-04-17-at-03.36.13-600x400.png\" alt=\"6\u00e8me EDITION\" \/><\/div><div class=\"portfolio-overlay overlay-effect\"><span>6\u00e8me EDITION<\/span><\/div><\/a><\/div>\n\t\t\t\t\t\t\t\t<\/div>\n\n\t\t\t\t\t\t\t\t\t\t\t\t  \n\t\t\t\t\t\t\t\t\t\t\t<\/div>\n\n\t\t\n\t\t<\/div>\n\t\t\t\n\t\t\t\t\n\t\t<div class=\"spacer\" style=\"height: 50px;\"><\/div>[\/vc_column][\/vc_row][vc_row][vc_column width=&#8221;1\/1&#8243;]<h3 class=\"headline font-inherit fontsize-l fontweight-700 lh-inherit align-center transform-uppercase \" style=\"margin: 0 0 20px 0;\">Regards crois\u00e9s sur les finances publiques<\/h3><div class=\"spacer\" style=\"height: 40px;\"><\/div>[\/vc_column][\/vc_row][vc_row][vc_column width=&#8221;1\/3&#8243;]<div class=\"video-embed  wpb_content_element\"><iframe loading=\"lazy\" title=\"Film Resifp Mai 2025\" width=\"1161\" height=\"653\" src=\"https:\/\/www.youtube.com\/embed\/PQlkP_6kw-A?feature=oembed\" frameborder=\"0\" allow=\"accelerometer; autoplay; clipboard-write; encrypted-media; gyroscope; picture-in-picture; web-share\" referrerpolicy=\"strict-origin-when-cross-origin\" allowfullscreen><\/iframe><\/div>[\/vc_column][vc_column width=&#8221;1\/3&#8243;]<div class=\"video-embed  wpb_content_element\"><iframe loading=\"lazy\" title=\"best of CIFP 21 MAI 2024\" width=\"1161\" height=\"653\" src=\"https:\/\/www.youtube.com\/embed\/jaY6FBahDbc?feature=oembed\" frameborder=\"0\" allow=\"accelerometer; autoplay; clipboard-write; encrypted-media; gyroscope; picture-in-picture; web-share\" referrerpolicy=\"strict-origin-when-cross-origin\" allowfullscreen><\/iframe><\/div>[\/vc_column][vc_column width=&#8221;1\/3&#8243;]<div class=\"video-embed  wpb_content_element\"><iframe loading=\"lazy\" title=\"BEST OF CIFP  20 MAI\" width=\"1161\" height=\"653\" src=\"https:\/\/www.youtube.com\/embed\/lxMnHRfbspg?feature=oembed\" frameborder=\"0\" allow=\"accelerometer; autoplay; clipboard-write; encrypted-media; gyroscope; picture-in-picture; web-share\" referrerpolicy=\"strict-origin-when-cross-origin\" allowfullscreen><\/iframe><\/div>[\/vc_column][\/vc_row][vc_row][vc_column width=&#8221;1\/1&#8243;]<div class=\"spacer\" style=\"height: 30px;\"><\/div>[\/vc_column][\/vc_row][vc_row bg_color=&#8221;#b9dbf7&#8243; top_padding=&#8221;100&#8243; bottom_padding=&#8221;100&#8243; bg_position=&#8221;left top&#8221;][vc_column width=&#8221;1\/1&#8243;]<h3 class=\"headline font-special fontsize-l fontweight-700 lh-inherit align-center transform-uppercase \" style=\"margin: 0 0 20px 0;\">Quelques Mots<\/h3><div class=\"testimonial-slider-wrap wpb_content_element\"><div class=\"testimonial-slide\">Tout d\u2019abord, je tiens \u00e0 vous remercier de m\u2019avoir invit\u00e9 \u00e0 cette e-conf\u00e9rence, je remercie \u00e9galement les organisateurs. Je vous remercie du choix du th\u00e8me que je consid\u00e8re un th\u00e8me d\u2019actualit\u00e9, un th\u00e8me qui va de pair avec les pr\u00e9occupations des responsables de l\u2019administration publique.<span>&#45; M. Ahmed LAAMOUMRI, Secr\u00e9taire G\u00e9n\u00e9ral du Minist\u00e8re de la Transition Num\u00e9rique et de la R\u00e9forme de l\u2019Administration<\/span><\/div><div class=\"testimonial-slide\">C\u2019est avec un plaisir renouvel\u00e9 que je prends la parole \u00e0 cette 5\u00e8me \u00e9dition de la Conf\u00e9rence des Instituts des finances publiques. Chaque conf\u00e9rence du r\u00e9seau est une occasion de faire un pas suppl\u00e9mentaire dans notre qu\u00eate vers la performance. Ainsi, en ce qui concerne le Cameroun, le PSSFP a connu des avanc\u00e9es \u00e0 l\u2019occasion des pr\u00e9c\u00e9dentes conf\u00e9rences. En effet, la conf\u00e9rence de Yaound\u00e9 en 2015 avait permis de poser les bases de votre r\u00e9seau et nous a offert l\u2019occasion d\u2019am\u00e9liorer la structuration des activit\u00e9s de formation continue au PSSFP.<span>&#45; M. Achile Nestor BASAHAG, Pr\u00e9sident du Comit\u00e9 de Pilotage du Programme Sup\u00e9rieur de Sp\u00e9cialisation des Finances Publiques (PSSFP)<\/span><\/div><div class=\"testimonial-slide\">Ce th\u00e8me est d\u2019une importance capitale justifi\u00e9e par le fait que la pand\u00e9mie ne cesse de compromettre consid\u00e9rablement l\u2019\u00e9tat des finances publiques de nos pays. Elle a entra\u00een\u00e9 une contraction sans pr\u00e9c\u00e9dent des recettes fiscales, et a \u00e9galement, exerc\u00e9 une pression extr\u00eame sur les d\u00e9penses publiques, cela fait, maintenant pr\u00e8s de deux ans.<span>&#45; Mme. Sonia HAMAMOUCH- Directrice de l\u2019Institut Des Finances du Maroc<\/span><\/div><\/div>[\/vc_column][\/vc_row][vc_row bg_color=&#8221;#fafafa&#8221; text_align=&#8221;center&#8221; top_padding=&#8221;60&#8243; bottom_padding=&#8221;50&#8243; bg_position=&#8221;left top&#8221;][vc_column width=&#8221;1\/4&#8243;][vc_column_text]<a href=\"https:\/\/www.expertisefrance.fr\/\"><img loading=\"lazy\" decoding=\"async\" class=\"alignnone wp-image-15494 size-medium\" src=\"https:\/\/resifip.net\/wp-content\/uploads\/2024\/10\/ef-logo-300x104.png\" alt=\"\" width=\"300\" height=\"104\" srcset=\"https:\/\/resifip.net\/wp-content\/uploads\/2024\/10\/ef-logo-300x104.png 300w, https:\/\/resifip.net\/wp-content\/uploads\/2024\/10\/ef-logo.png 500w\" sizes=\"auto, (max-width: 300px) 100vw, 300px\" \/><\/a>[\/vc_column_text][\/vc_column][vc_column width=&#8221;1\/4&#8243;][vc_column_text]<\/p>\n<div style=\"width: 45%;\"><a href=\"https:\/\/www.pfinancespubliques.org\/\" target=\"_blank\" rel=\"noopener\"><img loading=\"lazy\" decoding=\"async\" class=\"alignnone wp-image-15498 \" src=\"https:\/\/resifip.net\/wp-content\/uploads\/2024\/10\/Logo_du_Programme_Superieur_de_Specialisation_en_Finances_Publiques_PSSFP-300x236.jpg\" alt=\"\" width=\"244\" height=\"192\" srcset=\"https:\/\/resifip.net\/wp-content\/uploads\/2024\/10\/Logo_du_Programme_Superieur_de_Specialisation_en_Finances_Publiques_PSSFP-300x236.jpg 300w, https:\/\/resifip.net\/wp-content\/uploads\/2024\/10\/Logo_du_Programme_Superieur_de_Specialisation_en_Finances_Publiques_PSSFP-768x603.jpg 768w, https:\/\/resifip.net\/wp-content\/uploads\/2024\/10\/Logo_du_Programme_Superieur_de_Specialisation_en_Finances_Publiques_PSSFP-600x471.jpg 600w, https:\/\/resifip.net\/wp-content\/uploads\/2024\/10\/Logo_du_Programme_Superieur_de_Specialisation_en_Finances_Publiques_PSSFP.jpg 840w\" sizes=\"auto, (max-width: 244px) 100vw, 244px\" \/><\/a><\/div>\n<p>[\/vc_column_text][\/vc_column][vc_column width=&#8221;1\/4&#8243;][vc_column_text]<\/p>\n<div style=\"width: 40%;\"><a href=\"https:\/\/enf-rdc.net\/\" target=\"_blank\" rel=\"noopener\"><img loading=\"lazy\" decoding=\"async\" class=\"alignnone wp-image-15496 size-medium\" src=\"https:\/\/resifip.net\/wp-content\/uploads\/2024\/10\/cropped-IMG-20190831-WA0002-300x300.jpg\" alt=\"\" width=\"300\" height=\"300\" srcset=\"https:\/\/resifip.net\/wp-content\/uploads\/2024\/10\/cropped-IMG-20190831-WA0002-300x300.jpg 300w, https:\/\/resifip.net\/wp-content\/uploads\/2024\/10\/cropped-IMG-20190831-WA0002-150x150.jpg 150w, https:\/\/resifip.net\/wp-content\/uploads\/2024\/10\/cropped-IMG-20190831-WA0002-80x80.jpg 80w, https:\/\/resifip.net\/wp-content\/uploads\/2024\/10\/cropped-IMG-20190831-WA0002-500x500.jpg 500w, https:\/\/resifip.net\/wp-content\/uploads\/2024\/10\/cropped-IMG-20190831-WA0002-100x100.jpg 100w, https:\/\/resifip.net\/wp-content\/uploads\/2024\/10\/cropped-IMG-20190831-WA0002.jpg 512w\" sizes=\"auto, (max-width: 300px) 100vw, 300px\" \/><\/a><\/div>\n<p>[\/vc_column_text][\/vc_column][vc_column width=&#8221;1\/4&#8243;][vc_column_text]<a href=\"https:\/\/ena.enaref.gov.bf\/\" target=\"_blank\" rel=\"noopener\"><img loading=\"lazy\" decoding=\"async\" class=\"alignnone wp-image-15499 \" src=\"https:\/\/resifip.net\/wp-content\/uploads\/2024\/10\/images.jpeg\" alt=\"\" width=\"100\" height=\"77\" \/><\/a>[\/vc_column_text][\/vc_column][\/vc_row][vc_row][vc_column width=&#8221;1\/1&#8243;]<h3 class=\"headline font-inherit fontsize-l fontweight-700 lh-inherit align-center transform-uppercase \" style=\"margin: 0px 0 20px 0;\">Pays membres<\/h3><div class=\"single_image wpb_content_element align-center   image_zoom \" data-animation=\"none\" data-delay=\"0\"><img loading=\"lazy\" decoding=\"async\" width=\"4000\" height=\"360\" src=\"https:\/\/resifip.net\/wp-content\/uploads\/2025\/01\/Alphabetiques_1.png\" class=\"attachment-full\" alt=\"\" title=\"Alphab\u00e9tiques_1\" srcset=\"https:\/\/resifip.net\/wp-content\/uploads\/2025\/01\/Alphabetiques_1.png 4000w, https:\/\/resifip.net\/wp-content\/uploads\/2025\/01\/Alphabetiques_1-300x27.png 300w, https:\/\/resifip.net\/wp-content\/uploads\/2025\/01\/Alphabetiques_1-1024x92.png 1024w, https:\/\/resifip.net\/wp-content\/uploads\/2025\/01\/Alphabetiques_1-768x69.png 768w, https:\/\/resifip.net\/wp-content\/uploads\/2025\/01\/Alphabetiques_1-1536x138.png 1536w, https:\/\/resifip.net\/wp-content\/uploads\/2025\/01\/Alphabetiques_1-2048x184.png 2048w, https:\/\/resifip.net\/wp-content\/uploads\/2025\/01\/Alphabetiques_1-600x54.png 600w\" sizes=\"auto, (max-width: 4000px) 100vw, 4000px\" \/><\/div>[\/vc_column][\/vc_row]<\/p>\n<\/div>","protected":false},"excerpt":{"rendered":"<p>[vc_row type=&#8221;full_width_section&#8221; bg_position=&#8221;left top&#8221;][vc_column width=&#8221;1\/1&#8243;][rev_slider_vc alias=&#8221;default&#8221;][\/vc_column][\/vc_row][vc_row section_arrow=&#8221;false&#8221; top_padding=&#8221;100&#8243; bottom_padding=&#8221;100&#8243; bg_position=&#8221;left top&#8221;][vc_column width=&#8221;1\/3&#8243;][\/vc_column][vc_column width=&#8221;1\/3&#8243;][\/vc_column][vc_column width=&#8221;1\/3&#8243;][\/vc_column][\/vc_row][vc_row bg_image=&#8221;15558&#8243; bg_color=&#8221;#b9dbf7&#8243; top_padding=&#8221;100&#8243; bottom_padding=&#8221;100&#8243; bg_position=&#8221;left top&#8221;][vc_column width=&#8221;1\/1&#8243;][\/vc_column][\/vc_row][vc_row top_padding=&#8221;100&#8243; bottom_padding=&#8221;80&#8243; bg_position=&#8221;left top&#8221;][vc_column width=&#8221;1\/1&#8243;][\/vc_column][\/vc_row][vc_row bg_color=&#8221;#222222&#8243; text_color=&#8221;light&#8221; top_padding=&#8221;50&#8243; bottom_padding=&#8221;50&#8243; bg_position=&#8221;center center&#8221;][vc_column width=&#8221;1\/4&#8243;][\/vc_column][vc_column width=&#8221;1\/4&#8243;][\/vc_column][vc_column width=&#8221;1\/4&#8243;][\/vc_column][vc_column width=&#8221;1\/4&#8243;][\/vc_column][\/vc_row][vc_row][vc_column width=&#8221;1\/1&#8243;][\/vc_column][\/vc_row][vc_row type=&#8221;full_width_section&#8221; bg_position=&#8221;center top&#8221;][vc_column width=&#8221;1\/1&#8243;][\/vc_column][\/vc_row][vc_row][vc_column width=&#8221;1\/1&#8243;][\/vc_column][\/vc_row][vc_row][vc_column width=&#8221;1\/3&#8243;][\/vc_column][vc_column width=&#8221;1\/3&#8243;][\/vc_column][vc_column width=&#8221;1\/3&#8243;][\/vc_column][\/vc_row][vc_row][vc_column width=&#8221;1\/1&#8243;][\/vc_column][\/vc_row][vc_row bg_color=&#8221;#b9dbf7&#8243; top_padding=&#8221;100&#8243; bottom_padding=&#8221;100&#8243; bg_position=&#8221;left top&#8221;][vc_column width=&#8221;1\/1&#8243;][\/vc_column][\/vc_row][vc_row bg_color=&#8221;#fafafa&#8221; text_align=&#8221;center&#8221; top_padding=&#8221;60&#8243; bottom_padding=&#8221;50&#8243; bg_position=&#8221;left top&#8221;][vc_column width=&#8221;1\/4&#8243;][vc_column_text][\/vc_column_text][\/vc_column][vc_column width=&#8221;1\/4&#8243;][vc_column_text] [\/vc_column_text][\/vc_column][vc_column width=&#8221;1\/4&#8243;][vc_column_text] [\/vc_column_text][\/vc_column][vc_column width=&#8221;1\/4&#8243;][vc_column_text][\/vc_column_text][\/vc_column][\/vc_row][vc_row][vc_column width=&#8221;1\/1&#8243;][\/vc_column][\/vc_row]<\/p>\n","protected":false},"author":1,"featured_media":0,"parent":419,"menu_order":0,"comment_status":"closed","ping_status":"open","template":"","meta":{"footnotes":""},"class_list":["post-4174","page","type-page","status-publish","hentry"],"_links":{"self":[{"href":"https:\/\/resifip.net\/index.php?rest_route=\/wp\/v2\/pages\/4174","targetHints":{"allow":["GET"]}}],"collection":[{"href":"https:\/\/resifip.net\/index.php?rest_route=\/wp\/v2\/pages"}],"about":[{"href":"https:\/\/resifip.net\/index.php?rest_route=\/wp\/v2\/types\/page"}],"author":[{"embeddable":true,"href":"https:\/\/resifip.net\/index.php?rest_route=\/wp\/v2\/users\/1"}],"replies":[{"embeddable":true,"href":"https:\/\/resifip.net\/index.php?rest_route=%2Fwp%2Fv2%2Fcomments&post=4174"}],"version-history":[{"count":107,"href":"https:\/\/resifip.net\/index.php?rest_route=\/wp\/v2\/pages\/4174\/revisions"}],"predecessor-version":[{"id":16183,"href":"https:\/\/resifip.net\/index.php?rest_route=\/wp\/v2\/pages\/4174\/revisions\/16183"}],"up":[{"embeddable":true,"href":"https:\/\/resifip.net\/index.php?rest_route=\/wp\/v2\/pages\/419"}],"wp:attachment":[{"href":"https:\/\/resifip.net\/index.php?rest_route=%2Fwp%2Fv2%2Fmedia&parent=4174"}],"curies":[{"name":"wp","href":"https:\/\/api.w.org\/{rel}","templated":true}]}}