{"id":15931,"date":"2025-04-16T12:32:38","date_gmt":"2025-04-16T12:32:38","guid":{"rendered":"http:\/\/new.resifip.net\/?page_id=15931"},"modified":"2026-05-08T18:57:15","modified_gmt":"2026-05-08T17:57:15","slug":"actes-2","status":"publish","type":"page","link":"https:\/\/resifip.net\/?page_id=15931","title":{"rendered":"Les actes du RESIFIP"},"content":{"rendered":"\n<h2>Publication des actes administratifs<\/h2>\n<p>Conform\u00e9ment aux exigences de transparence et de bonne gouvernance, nous mettons \u00e0 disposition du public l\u2019ensemble des actes administratifs adopt\u00e9s. Cette d\u00e9marche vise \u00e0 garantir un acc\u00e8s libre \u00e0 l\u2019information et \u00e0 renforcer le lien entre l\u2019administration et les citoyens.<\/p>\n<p>Vous trouverez ci-dessous les documents class\u00e9s par date ou th\u00e9matique, accompagn\u00e9s d\u2019un bref descriptif. Chaque document est consultable et t\u00e9l\u00e9chargeable au format PDF.<\/p>\n<p>&nbsp;<\/p>\n<table style=\"width: 100%; border-collapse: collapse;\">\n<tbody>\n<tr>\n<td style=\"padding: 15px 10px; vertical-align: top; width: 150px;\"><img decoding=\"async\" style=\"width: 150px; height: auto;\" src=\"https:\/\/resifip.net\/wp-content\/uploads\/2025\/04\/Capture-decran-2025-04-16-140711.png\" alt=\"PDF\" \/><\/td>\n<td style=\"padding: 15px 10px; vertical-align: top;\"><strong>Acte n\u00b02024 &#8211; 6e \u00e9dition de la Conf\u00e9rence des Instituts des Finances Publiques (CIFP) &#8211; La Recherche et l&#8217;Innovation Manag\u00e9riale<\/strong><br \/><small>Organis\u00e9e \u00e0 Rabat les 20 et 21 mai 2024, la 6e \u00e9dition de la Conf\u00e9rence des Instituts des Finances Publiques (CIFP) a r\u00e9uni des experts autour du th\u00e8me : \u00ab La Recherche et l\u2019Innovation Manag\u00e9riale dans la Gestion des Finances Publiques \u00bb<\/small><\/td>\n<td style=\"padding: 15px 10px; text-align: right;\"><a style=\"padding: 8px 16px; background-color: #005aa7; color: white; text-decoration: none; border-radius: 4px;\" href=\"https:\/\/resifip.net\/wp-content\/uploads\/2025\/04\/Actes-2024.docx.pdf\" target=\"_blank\" rel=\"noopener\">T\u00e9l\u00e9charger<\/a><\/td>\n<\/tr>\n<tr>\n<td style=\"padding: 15px 10px; vertical-align: top; width: 150px;\"><img decoding=\"async\" style=\"width: 150px; height: auto;\" src=\"https:\/\/resifip.net\/wp-content\/uploads\/2025\/04\/Capture-decran-2025-04-16-213244.png\" alt=\"PDF\" \/><\/td>\n<td style=\"padding: 15px 10px; vertical-align: top;\"><strong>Acte n\u00b02021 &#8211; 5e \u00e9dition de la Conf\u00e9rence des Instituts des Finances Publiques (CIFP)- Aspect Manag\u00e9riaux et Organisationnels des finances publiques \u00e0 l&#8217;\u00e8re de la Covid-19<\/strong><br \/><small style=\"line-height: 100%;\">Organis\u00e9e en r\u00e9ponse \u00e0 la crise COVID-19, la 5e \u00e9dition de la Conf\u00e9rence des Instituts des Finances Publiques (CIFP) a r\u00e9uni plusieurs pays autour du th\u00e8me : \u201cManagement et organisation des finances publiques \u00e0 l\u2019\u00e8re de la pand\u00e9mie\u201d.<\/small><\/td>\n<td style=\"padding: 15px 10px; text-align: right;\"><a style=\"padding: 8px 16px; background-color: #005aa7; color: white; text-decoration: none; border-radius: 4px;\" href=\"https:\/\/resifip.net\/wp-content\/uploads\/2025\/04\/Actes-CIFP-2021-a-imprimer.pdf\" target=\"_blank\" rel=\"noopener\">T\u00e9l\u00e9charger<\/a><\/td>\n<\/tr>\n<tr>\n    <td style=\"padding: 15px 10px; vertical-align: top; width: 150px;\">\n      <img decoding=\"async\" style=\"width: 150px; height: auto;\" src=\"https:\/\/resifip.net\/wp-content\/uploads\/2025\/04\/4eme-conference.png\" alt=\"PDF\" \/>\n    <\/td>\n    <td style=\"padding: 15px 10px; vertical-align: top;\">\n      <strong>Actes de la 4\u00e8me Conf\u00e9rence des Instituts des Finances Publiques \u2013 Formation et Digitalisation des Finances Publiques<\/strong><br \/>\n      <small style=\"line-height: 100%;\">Organis\u00e9e par le Minist\u00e8re de l\u2019\u00c9conomie, des Finances et de la R\u00e9forme de l\u2019Administration du Royaume du Maroc, la 4\u00e8me Conf\u00e9rence s\u2019est tenue les 17 et 18 f\u00e9vrier 2020 \u00e0 Rabat. Elle a r\u00e9uni des participants d\u2019Afrique, du Moyen Orient et des Cara\u00efbes, membres du R\u00e9seau des Instituts des Finances Publiques. Ce rendez-vous fut un espace d\u2019\u00e9change sur les processus de digitalisation des finances publiques et la mise en \u0153uvre de politiques de formation adapt\u00e9es aux enjeux de transformation num\u00e9rique des administrations financi\u00e8res.<\/small>\n    <\/td>\n    <td style=\"padding: 15px 10px; text-align: right;\">\n      <a style=\"padding: 8px 16px; background-color: #005aa7; color: white; text-decoration: none; border-radius: 4px;\" href=\"https:\/\/resifip.net\/wp-content\/uploads\/2025\/04\/ACTES_CONFERENCES_INSTITUTS_FINANCES_PUBLIQUES_4e_EDITION.pdf\" target=\"_blank\" rel=\"noopener\">T\u00e9l\u00e9charger<\/a>\n    <\/td>\n  <\/tr>\n  <tr>\n    <td style=\"padding: 15px 10px; vertical-align: top; width: 150px;\">\n      <img decoding=\"async\" style=\"width: 150px; height: auto;\" src=\"https:\/\/resifip.net\/wp-content\/uploads\/2025\/04\/Screenshot-2025-04-18-at-10.51.34.png\" alt=\"PDF\" \/>\n    <\/td>\n    <td style=\"padding: 15px 10px; vertical-align: top;\">\n      <strong>Actes de la 3\u00e8me Conf\u00e9rence des Instituts des Finances Publiques \u2013 D\u00e9claration de Marrakech<\/strong><br \/>\n      <small style=\"line-height: 100%;\">Les 21, 22 et 23 novembre 2017, la 3\u00e8me Conf\u00e9rence des Instituts des Finances Publiques s\u2019est tenue \u00e0 Tunis. Cette rencontre a permis l\u2019adoption de la D\u00e9claration de Marrakech, un engagement collectif des repr\u00e9sentants des instituts pour renforcer la gouvernance, am\u00e9liorer les capacit\u00e9s institutionnelles et promouvoir la coop\u00e9ration r\u00e9gionale et internationale. La conf\u00e9rence s\u2019est inscrite dans la continuit\u00e9 des recommandations de Yaound\u00e9, avec une attention particuli\u00e8re port\u00e9e \u00e0 la modernisation de l\u2019action publique, la formation, la digitalisation, et les objectifs du d\u00e9veloppement durable \u00e0 l\u2019horizon 2030.<\/small>\n    <\/td>\n    <td style=\"padding: 15px 10px; text-align: right;\">\n      <a style=\"padding: 8px 16px; background-color: #005aa7; color: white; text-decoration: none; border-radius: 4px;\" href=\"https:\/\/resifip.net\/wp-content\/uploads\/2025\/04\/CIFP_Declaration-de-Marrakech-nov-2017-1-1.pdf\" target=\"_blank\" rel=\"noopener\">T\u00e9l\u00e9charger<\/a>\n    <\/td>\n  <\/tr>\n  \n  \n<tr>\n    <td style=\"padding: 15px 10px; vertical-align: top; width: 150px;\"><img decoding=\"async\" style=\"width: 150px; height: auto;\" src=\"https:\/\/resifip.net\/wp-content\/uploads\/2025\/04\/Screenshot-2025-04-18-at-10.16.27.png\" alt=\"PDF\" \/><\/td>\n    <td style=\"padding: 15px 10px; vertical-align: top;\"><strong>Actes de la 2\u00e8me Conf\u00e9rence Internationale des Instituts des Finances Publiques d\u2019Afrique- La Nouvelle Gouvernance des Finances publiques : vers des mod\u00e8les innovants int\u00e9grant les dimensions genre et d\u00e9veloppement durable<\/strong><br \/><small style=\"line-height: 100%;\">Cette 2\u00e8me \u00e9dition a \u00e9t\u00e9 l\u2019occasion de la concr\u00e9tisation des recommandations de la 1\u00e8re conf\u00e9rence et un espace pour la formation sur la th\u00e9matique des \u00ab Finances Climat \u00bb et un lieu de rencontre des responsables des instituts des finances, des repr\u00e9sentants des Minist\u00e8res \u00e9conomiques et financiers ainsi que des experts internationaux sur les th\u00e9matiques de gouvernance financi\u00e8re, dans un contexte de transition \u00e9conomique mondiale vers un mod\u00e8le \u00e9conomique durable, notamment : la budg\u00e9tisation sensible au genre, les march\u00e9s publics et le partenariat public priv\u00e9, le D\u00e9veloppement durable et la finance climat..<\/small><\/td>\n    <td style=\"padding: 15px 10px; text-align: right;\"><a style=\"padding: 8px 16px; background-color: #005aa7; color: white; text-decoration: none; border-radius: 4px;\" href=\"https:\/\/resifip.net\/wp-content\/uploads\/2025\/04\/Actes-de-la-2eme-Conference-Internationale-Marrakech-21-23-novembre-2017.pdf\" target=\"_blank\" rel=\"noopener\">T\u00e9l\u00e9charger<\/a><\/td>\n    <\/tr>\n\n    <tr>\n        <td style=\"padding: 15px 10px; vertical-align: top; width: 150px;\">\n          <img decoding=\"async\" style=\"width: 150px; height: auto;\" src=\"https:\/\/resifip.net\/wp-content\/uploads\/2025\/04\/Screenshot-2025-04-18-at-10.22.02.png\" alt=\"PDF\" \/>\n        <\/td>\n        <td style=\"padding: 15px 10px; vertical-align: top;\">\n          <strong>Actes de la 1\u00e8re Conf\u00e9rence Francophone des Instituts des Finances Publiques \u2013 R\u00e9formes des finances publiques : quelles strat\u00e9gies pour le renforcement des capacit\u00e9s<\/strong><br \/>\n          <small style=\"line-height: 100%;\">Les 26 et 27 octobre 2016, s\u2019est tenue \u00e0 Yaound\u00e9 la premi\u00e8re Conf\u00e9rence Francophone des Instituts des Finances Publiques, \u00e0 l\u2019initiative du minist\u00e8re camerounais des Finances via le Programme Sup\u00e9rieur de Sp\u00e9cialisation en Finances Publiques, avec le soutien d\u2019Expertise France et l\u2019accompagnement de la Commission de la CEMAC. Cette conf\u00e9rence a permis d\u2019explorer les strat\u00e9gies de transformation \u00e9conomique et structurelle visant \u00e0 am\u00e9liorer l\u2019insertion des pays francophones dans les \u00e9changes r\u00e9gionaux\/internationaux et \u00e0 mettre en \u0153uvre les Objectifs de D\u00e9veloppement Durable.<\/small>\n        <\/td>\n        <td style=\"padding: 15px 10px; text-align: right;\">\n          <a style=\"padding: 8px 16px; background-color: #005aa7; color: white; text-decoration: none; border-radius: 4px;\" href=\"https:\/\/resifip.net\/wp-content\/uploads\/2025\/04\/rapport-1ere-conference-Vfinale-.pdf\" target=\"_blank\" rel=\"noopener\">T\u00e9l\u00e9charger<\/a>\n        <\/td>\n      <\/tr>\n<tr>\n  <td style=\"padding: 15px 10px; vertical-align: top; width: 150px;\">\n    <img decoding=\"async\" style=\"width: 150px; height: auto;\" src=\"https:\/\/resifip.net\/wp-content\/uploads\/2026\/05\/capture_resifip_acte.png\" alt=\"PDF\" \/>\n  <\/td>\n  <td style=\"padding: 15px 10px; vertical-align: top;\">\n    <strong>Actes CIFP 2025 B5<\/strong><br \/>\n    <small style=\"line-height: 100%;\">Sous le th\u00e8me \u00ab Finance Verte : Mobilisation des Ressources et Gestion Budg\u00e9taire \u00bb, la 7\u00e8me \u00e9dition de la Conf\u00e9rence des Instituts des Finances Publiques (CIFP) s\u2019est tenue \u00e0 Abidjan les 12 et 13 mai 2025. Cette \u00e9dition a offert un espace d\u2019\u00e9changes et de partage entre responsables des instituts des finances publiques, repr\u00e9sentants des minist\u00e8res des finances et experts internationaux. Elle avait pour ambition de r\u00e9fl\u00e9chir aux d\u00e9fis et enjeux li\u00e9s \u00e0 la finance verte dans le secteur des finances publiques, d\u2019identifier les bonnes pratiques, opportunit\u00e9s et strat\u00e9gies d\u2019adaptation, ainsi que de d\u00e9finir les axes prioritaires de d\u00e9veloppement et de coop\u00e9ration pour renforcer la gestion et la compl\u00e9mentarit\u00e9 internationales dans ce domaine.<\/small>\n  <\/td>\n  <td style=\"padding: 15px 10px; text-align: right;\">\n    <a style=\"padding: 8px 16px; background-color: #005aa7; color: white; text-decoration: none; border-radius: 4px;\" href=\"https:\/\/resifip.net\/wp-content\/uploads\/2026\/05\/Actes-CIFP-2025-B5.pdf\" target=\"_blank\" rel=\"noopener\">T\u00e9l\u00e9charger<\/a>\n  <\/td>\n<\/tr>\n<tr>\n  <td style=\"padding: 15px 10px; vertical-align: top; width: 150px;\">\n    <img decoding=\"async\" style=\"width: 150px; height: auto;\" src=\"https:\/\/resifip.net\/wp-content\/uploads\/2026\/05\/Capture-decran-2026-05-08-181245.png\" alt=\"PDF\" \/>\n  <\/td>\n  <td style=\"padding: 15px 10px; vertical-align: top;\">\n    <strong>Acte Arabe B5<\/strong><br \/>\n    <small style=\"line-height: 100%;\">La septi\u00e8me session de la Conf\u00e9rence des instituts de finances publiques s&#8217;est tenue les 12 et 13 mai 2025 \u00e0 Abidjan, en R\u00e9publique de C\u00f4te d&#8217;Ivoire, sur le th\u00e8me : \u00ab Mobilisation des ressources et gestion de la finance internationale \u00bb. Cette session a permis un dialogue et un \u00e9change d&#8217;exp\u00e9riences entre les Minist\u00e8res des Finances et les repr\u00e9sentants publics. Elle visait \u00e0 analyser les enjeux li\u00e9s \u00e0 l&#8217;expertise internationale, explorer les meilleures pratiques et formuler des strat\u00e9gies pour renforcer la gouvernance des finances publiques. La Conf\u00e9rence compte actuellement 34 instituts membres au sein du r\u00e9seau RESIFIP.<\/small>\n  <\/td>\n  <td style=\"padding: 15px 10px; text-align: right;\">\n    <a style=\"padding: 8px 16px; background-color: #005aa7; color: white; text-decoration: none; border-radius: 4px;\" href=\"https:\/\/resifip.net\/wp-content\/uploads\/2026\/05\/actes-arabes-B5.pdf\" target=\"_blank\" rel=\"noopener\">T\u00e9l\u00e9charger<\/a>\n  <\/td>\n<\/tr>\n      \n      \n      \n<\/tbody>\n<\/table>\n\n\n\n<p>&nbsp;<\/p>\n\n\n\n<p>&nbsp;<\/p>\n","protected":false},"excerpt":{"rendered":"<p>Publication des actes administratifs Conform\u00e9ment aux exigences de transparence et de bonne gouvernance, nous mettons \u00e0 disposition du public l\u2019ensemble des actes administratifs adopt\u00e9s. Cette d\u00e9marche vise \u00e0 garantir un acc\u00e8s libre \u00e0 l\u2019information et \u00e0 renforcer le lien entre l\u2019administration et les citoyens. Vous trouverez ci-dessous les documents class\u00e9s par date ou th\u00e9matique, accompagn\u00e9s d\u2019un bref descriptif. Chaque document est consultable et t\u00e9l\u00e9chargeable au format PDF. &nbsp; Acte n\u00b02024 &#8211; 6e \u00e9dition de la Conf\u00e9rence des Instituts des Finances Publiques (CIFP) &#8211; La Recherche et l&#8217;Innovation Manag\u00e9rialeOrganis\u00e9e \u00e0 Rabat les 20 et 21 mai 2024, la 6e \u00e9dition de la Conf\u00e9rence des Instituts des Finances Publiques (CIFP) a r\u00e9uni des experts autour du th\u00e8me : \u00ab La Recherche et l\u2019Innovation Manag\u00e9riale dans la Gestion des Finances Publiques \u00bb T\u00e9l\u00e9charger Acte n\u00b02021 &#8211; 5e \u00e9dition de la Conf\u00e9rence des Instituts des Finances Publiques (CIFP)- Aspect Manag\u00e9riaux et Organisationnels des finances publiques \u00e0 l&#8217;\u00e8re de la Covid-19Organis\u00e9e en r\u00e9ponse \u00e0 la crise COVID-19, la 5e \u00e9dition de la Conf\u00e9rence des Instituts des Finances Publiques (CIFP) a r\u00e9uni plusieurs pays autour du th\u00e8me : \u201cManagement et organisation des finances publiques \u00e0 l\u2019\u00e8re de la pand\u00e9mie\u201d. T\u00e9l\u00e9charger Actes de la 4\u00e8me Conf\u00e9rence des [&hellip;]<\/p>\n","protected":false},"author":1,"featured_media":0,"parent":0,"menu_order":0,"comment_status":"closed","ping_status":"closed","template":"","meta":{"footnotes":""},"class_list":["post-15931","page","type-page","status-publish","hentry"],"_links":{"self":[{"href":"https:\/\/resifip.net\/index.php?rest_route=\/wp\/v2\/pages\/15931","targetHints":{"allow":["GET"]}}],"collection":[{"href":"https:\/\/resifip.net\/index.php?rest_route=\/wp\/v2\/pages"}],"about":[{"href":"https:\/\/resifip.net\/index.php?rest_route=\/wp\/v2\/types\/page"}],"author":[{"embeddable":true,"href":"https:\/\/resifip.net\/index.php?rest_route=\/wp\/v2\/users\/1"}],"replies":[{"embeddable":true,"href":"https:\/\/resifip.net\/index.php?rest_route=%2Fwp%2Fv2%2Fcomments&post=15931"}],"version-history":[{"count":24,"href":"https:\/\/resifip.net\/index.php?rest_route=\/wp\/v2\/pages\/15931\/revisions"}],"predecessor-version":[{"id":16208,"href":"https:\/\/resifip.net\/index.php?rest_route=\/wp\/v2\/pages\/15931\/revisions\/16208"}],"wp:attachment":[{"href":"https:\/\/resifip.net\/index.php?rest_route=%2Fwp%2Fv2%2Fmedia&parent=15931"}],"curies":[{"name":"wp","href":"https:\/\/api.w.org\/{rel}","templated":true}]}}