{"id":15886,"date":"2025-04-15T07:58:36","date_gmt":"2025-04-15T07:58:36","guid":{"rendered":"http:\/\/new.resifip.net\/?page_id=15886"},"modified":"2025-04-15T08:03:36","modified_gmt":"2025-04-15T08:03:36","slug":"expertisefrancepres","status":"publish","type":"page","link":"https:\/\/resifip.net\/?page_id=15886","title":{"rendered":"ExpertiseFRANCEPRES"},"content":{"rendered":"<div class=\"wpb-content-wrapper\"><p>[vc_row][vc_column width=&#8221;1\/1&#8243;]<div class=\"single_image wpb_content_element align-left    \" data-animation=\"none\" data-delay=\"0\"><a href=\"https:\/\/www.expertisefrance.fr\/\" target=\"_self\"><img loading=\"lazy\" decoding=\"async\" width=\"500\" height=\"174\" src=\"https:\/\/resifip.net\/wp-content\/uploads\/2024\/10\/ef-logo.png\" class=\"attachment-full\" alt=\"\" title=\"ef-logo\" srcset=\"https:\/\/resifip.net\/wp-content\/uploads\/2024\/10\/ef-logo.png 500w, https:\/\/resifip.net\/wp-content\/uploads\/2024\/10\/ef-logo-300x104.png 300w\" sizes=\"auto, (max-width: 500px) 100vw, 500px\" \/><\/a><\/div>[vc_column_text]Pr\u00e9sentation Expertise France<\/p>\n<p>Agence publique, Expertise France est l\u2019acteur interminist\u00e9riel de la coop\u00e9ration technique internationale, filiale du groupe Agence fran\u00e7aise de d\u00e9veloppement (groupe AFD). Deuxi\u00e8me agence par sa taille en Europe, elle con\u00e7oit et met en \u0153uvre des projets qui renforcent durablement les politiques publiques dans les pays en d\u00e9veloppement et \u00e9mergents. Elle intervient sur des domaines cl\u00e9s du d\u00e9veloppement et contribue aux c\u00f4t\u00e9s de ses partenaires \u00e0 la concr\u00e9tisation des Objectifs de d\u00e9veloppement durable. Expertise France m\u00e8ne des projets de coop\u00e9ration internationale r\u00e9pondant \u00e0 des enjeux strat\u00e9giques\u00a0:<\/p>\n<ul>\n<li>Gouvernance<\/li>\n<li>Justice<\/li>\n<li>Sant\u00e9<\/li>\n<li>S\u00e9curit\u00e9<\/li>\n<li>Formation et \u00e9ducation<\/li>\n<li>Climat et biodiversit\u00e9<\/li>\n<li>Sport et culture<\/li>\n<li>Entreprenariat<\/li>\n<li>Egalit\u00e9 du genre et inclusion<\/li>\n<li>Innovation<\/li>\n<\/ul>\n<p>La gouvernance est un enjeu cl\u00e9 pour le d\u00e9veloppement p\u00e9renne des soci\u00e9t\u00e9s. Expertise France contribue \u00e0 structurer et renforcer les institutions qui garantissent l\u2019\u00c9tat de droit, les processus d\u00e9mocratiques et le d\u00e9veloppement \u00e9conomique et social<\/p>\n<p>Avec plus de 350 projets en-cours dans 147 pays, les \u00e9quipes d\u2019Expertise France rel\u00e8vent les d\u00e9fis de chaque r\u00e9gion en favorisant le d\u00e9veloppement des comp\u00e9tences locales avec une approche partenariale.<\/p>\n<p>&nbsp;<\/p>\n<p>&nbsp;<\/p>\n<p>[\/vc_column_text][\/vc_column][\/vc_row]<\/p>\n<\/div>","protected":false},"excerpt":{"rendered":"<p>[vc_row][vc_column width=&#8221;1\/1&#8243;][vc_column_text]Pr\u00e9sentation Expertise France Agence publique, Expertise France est l\u2019acteur interminist\u00e9riel de la coop\u00e9ration technique internationale, filiale du groupe Agence fran\u00e7aise de d\u00e9veloppement (groupe AFD). Deuxi\u00e8me agence par sa taille en Europe, elle con\u00e7oit et met en \u0153uvre des projets qui renforcent durablement les politiques publiques dans les pays en d\u00e9veloppement et \u00e9mergents. Elle intervient sur des domaines cl\u00e9s du d\u00e9veloppement et contribue aux c\u00f4t\u00e9s de ses partenaires \u00e0 la concr\u00e9tisation des Objectifs de d\u00e9veloppement durable. Expertise France m\u00e8ne des projets de coop\u00e9ration internationale r\u00e9pondant \u00e0 des enjeux strat\u00e9giques\u00a0: Gouvernance Justice Sant\u00e9 S\u00e9curit\u00e9 Formation et \u00e9ducation Climat et biodiversit\u00e9 Sport et culture Entreprenariat Egalit\u00e9 du genre et inclusion Innovation La gouvernance est un enjeu cl\u00e9 pour le d\u00e9veloppement p\u00e9renne des soci\u00e9t\u00e9s. Expertise France contribue \u00e0 structurer et renforcer les institutions qui garantissent l\u2019\u00c9tat de droit, les processus d\u00e9mocratiques et le d\u00e9veloppement \u00e9conomique et social Avec plus de 350 projets en-cours dans 147 pays, les \u00e9quipes d\u2019Expertise France rel\u00e8vent les d\u00e9fis de chaque r\u00e9gion en favorisant le d\u00e9veloppement des comp\u00e9tences locales avec une approche partenariale. &nbsp; &nbsp; [\/vc_column_text][\/vc_column][\/vc_row]<\/p>\n","protected":false},"author":1,"featured_media":0,"parent":0,"menu_order":0,"comment_status":"closed","ping_status":"closed","template":"","meta":{"footnotes":""},"class_list":["post-15886","page","type-page","status-publish","hentry"],"_links":{"self":[{"href":"https:\/\/resifip.net\/index.php?rest_route=\/wp\/v2\/pages\/15886","targetHints":{"allow":["GET"]}}],"collection":[{"href":"https:\/\/resifip.net\/index.php?rest_route=\/wp\/v2\/pages"}],"about":[{"href":"https:\/\/resifip.net\/index.php?rest_route=\/wp\/v2\/types\/page"}],"author":[{"embeddable":true,"href":"https:\/\/resifip.net\/index.php?rest_route=\/wp\/v2\/users\/1"}],"replies":[{"embeddable":true,"href":"https:\/\/resifip.net\/index.php?rest_route=%2Fwp%2Fv2%2Fcomments&post=15886"}],"version-history":[{"count":3,"href":"https:\/\/resifip.net\/index.php?rest_route=\/wp\/v2\/pages\/15886\/revisions"}],"predecessor-version":[{"id":15899,"href":"https:\/\/resifip.net\/index.php?rest_route=\/wp\/v2\/pages\/15886\/revisions\/15899"}],"wp:attachment":[{"href":"https:\/\/resifip.net\/index.php?rest_route=%2Fwp%2Fv2%2Fmedia&parent=15886"}],"curies":[{"name":"wp","href":"https:\/\/api.w.org\/{rel}","templated":true}]}}