{"id":15885,"date":"2025-04-15T07:58:36","date_gmt":"2025-04-15T07:58:36","guid":{"rendered":"http:\/\/new.resifip.net\/?page_id=15885"},"modified":"2025-04-15T08:10:50","modified_gmt":"2025-04-15T08:10:50","slug":"pssfp_presentation","status":"publish","type":"page","link":"https:\/\/resifip.net\/?page_id=15885","title":{"rendered":"PSSFP_Presentation"},"content":{"rendered":"<div class=\"wpb-content-wrapper\"><p>[vc_row][vc_column width=&#8221;1\/1&#8243;]<div class=\"single_image wpb_content_element align-left    \" data-animation=\"none\" data-delay=\"0\"><img loading=\"lazy\" decoding=\"async\" width=\"840\" height=\"660\" src=\"https:\/\/resifip.net\/wp-content\/uploads\/2024\/10\/Logo_du_Programme_Superieur_de_Specialisation_en_Finances_Publiques_PSSFP.jpg\" class=\"attachment-full\" alt=\"\" title=\"Logo_du_Programme_Sup\u00e9rieur_de_Sp\u00e9cialisation_en_Finances_Publiques_(PSSFP)\" srcset=\"https:\/\/resifip.net\/wp-content\/uploads\/2024\/10\/Logo_du_Programme_Superieur_de_Specialisation_en_Finances_Publiques_PSSFP.jpg 840w, https:\/\/resifip.net\/wp-content\/uploads\/2024\/10\/Logo_du_Programme_Superieur_de_Specialisation_en_Finances_Publiques_PSSFP-300x236.jpg 300w, https:\/\/resifip.net\/wp-content\/uploads\/2024\/10\/Logo_du_Programme_Superieur_de_Specialisation_en_Finances_Publiques_PSSFP-768x603.jpg 768w, https:\/\/resifip.net\/wp-content\/uploads\/2024\/10\/Logo_du_Programme_Superieur_de_Specialisation_en_Finances_Publiques_PSSFP-600x471.jpg 600w\" sizes=\"auto, (max-width: 840px) 100vw, 840px\" \/><\/div>[vc_column_text]Le Programme Sup\u00e9rieur de Sp\u00e9cialisation en Finances Publiques (PSSFP) est la premi\u00e8re phase de la mise en place de l\u2019Institut Sup\u00e9rieur des Finances Publiques du Cameroun (ISFPC).<\/p>\n<p>L\u2019id\u00e9e consacrant son institution rel\u00e8ve du besoin institutionnel de renforcement des capacit\u00e9s des ressources humaines des administrations publiques et priv\u00e9es du Cameroun.<\/p>\n<p>Dans son mode de formations, le PSSFP organise r\u00e9guli\u00e8rement des conf\u00e9rences d\u00e9bats et des s\u00e9minaires de formation sur diverses th\u00e9matiques. Ces conf\u00e9rences sont des s\u00e9ances d\u2019\u00e9change et de d\u00e9bat autour des questions centrales des r\u00e9formes en particulier et des finances publiques en g\u00e9n\u00e9ral. Elles ont pour but d\u2019\u00e9veiller chez l\u2019auditeur, des aptitudes de conception et de conduite des politiques publiques<sup id=\"cite_ref-gouvernance_7-1\" class=\"reference\"><\/sup>.<\/p>\n<p>Outre les conf\u00e9rences th\u00e9matiques qui accueillent les hauts responsables de la R\u00e9publique sur des probl\u00e9matiques de l\u2019heure, les personnalit\u00e9s \u00e9trang\u00e8res de passage au Cameroun, n\u2019h\u00e9sitent pas \u00e0 offrir leur expertise au PSSFP.[\/vc_column_text][\/vc_column][\/vc_row]<\/p>\n<\/div>","protected":false},"excerpt":{"rendered":"<p>[vc_row][vc_column width=&#8221;1\/1&#8243;][vc_column_text]Le Programme Sup\u00e9rieur de Sp\u00e9cialisation en Finances Publiques (PSSFP) est la premi\u00e8re phase de la mise en place de l\u2019Institut Sup\u00e9rieur des Finances Publiques du Cameroun (ISFPC). L\u2019id\u00e9e consacrant son institution rel\u00e8ve du besoin institutionnel de renforcement des capacit\u00e9s des ressources humaines des administrations publiques et priv\u00e9es du Cameroun. Dans son mode de formations, le PSSFP organise r\u00e9guli\u00e8rement des conf\u00e9rences d\u00e9bats et des s\u00e9minaires de formation sur diverses th\u00e9matiques. Ces conf\u00e9rences sont des s\u00e9ances d\u2019\u00e9change et de d\u00e9bat autour des questions centrales des r\u00e9formes en particulier et des finances publiques en g\u00e9n\u00e9ral. Elles ont pour but d\u2019\u00e9veiller chez l\u2019auditeur, des aptitudes de conception et de conduite des politiques publiques. Outre les conf\u00e9rences th\u00e9matiques qui accueillent les hauts responsables de la R\u00e9publique sur des probl\u00e9matiques de l\u2019heure, les personnalit\u00e9s \u00e9trang\u00e8res de passage au Cameroun, n\u2019h\u00e9sitent pas \u00e0 offrir leur expertise au PSSFP.[\/vc_column_text][\/vc_column][\/vc_row]<\/p>\n","protected":false},"author":1,"featured_media":0,"parent":0,"menu_order":0,"comment_status":"closed","ping_status":"closed","template":"","meta":{"footnotes":""},"class_list":["post-15885","page","type-page","status-publish","hentry"],"_links":{"self":[{"href":"https:\/\/resifip.net\/index.php?rest_route=\/wp\/v2\/pages\/15885","targetHints":{"allow":["GET"]}}],"collection":[{"href":"https:\/\/resifip.net\/index.php?rest_route=\/wp\/v2\/pages"}],"about":[{"href":"https:\/\/resifip.net\/index.php?rest_route=\/wp\/v2\/types\/page"}],"author":[{"embeddable":true,"href":"https:\/\/resifip.net\/index.php?rest_route=\/wp\/v2\/users\/1"}],"replies":[{"embeddable":true,"href":"https:\/\/resifip.net\/index.php?rest_route=%2Fwp%2Fv2%2Fcomments&post=15885"}],"version-history":[{"count":3,"href":"https:\/\/resifip.net\/index.php?rest_route=\/wp\/v2\/pages\/15885\/revisions"}],"predecessor-version":[{"id":15901,"href":"https:\/\/resifip.net\/index.php?rest_route=\/wp\/v2\/pages\/15885\/revisions\/15901"}],"wp:attachment":[{"href":"https:\/\/resifip.net\/index.php?rest_route=%2Fwp%2Fv2%2Fmedia&parent=15885"}],"curies":[{"name":"wp","href":"https:\/\/api.w.org\/{rel}","templated":true}]}}