{"id":15863,"date":"2025-04-11T05:57:52","date_gmt":"2025-04-11T05:57:52","guid":{"rendered":"http:\/\/new.resifip.net\/?page_id=15863"},"modified":"2025-04-11T06:44:58","modified_gmt":"2025-04-11T06:44:58","slug":"ifpb","status":"publish","type":"page","link":"https:\/\/resifip.net\/?page_id=15863","title":{"rendered":"IFPB"},"content":{"rendered":"<div class=\"wpb-content-wrapper\"><p>[vc_row][vc_column width=&#8221;1\/1&#8243;]<div class=\"single_image wpb_content_element align-left    \" data-animation=\"none\" data-delay=\"0\"><img loading=\"lazy\" decoding=\"async\" width=\"1080\" height=\"399\" src=\"https:\/\/resifip.net\/wp-content\/uploads\/2025\/04\/IFPB.jpg\" class=\"attachment-full\" alt=\"\" title=\"IFPB\" srcset=\"https:\/\/resifip.net\/wp-content\/uploads\/2025\/04\/IFPB.jpg 1080w, https:\/\/resifip.net\/wp-content\/uploads\/2025\/04\/IFPB-300x111.jpg 300w, https:\/\/resifip.net\/wp-content\/uploads\/2025\/04\/IFPB-1024x378.jpg 1024w, https:\/\/resifip.net\/wp-content\/uploads\/2025\/04\/IFPB-768x284.jpg 768w, https:\/\/resifip.net\/wp-content\/uploads\/2025\/04\/IFPB-600x222.jpg 600w\" sizes=\"auto, (max-width: 1080px) 100vw, 1080px\" \/><\/div>[vc_column_text]<\/p>\n<p>L\u2019Institut des Finances Publiques du Burkina (IFPB) h\u00e9riti\u00e8re de <strong>l\u2019Ecole Nationale de R\u00e9gies Financi\u00e8res<\/strong> (ENAREF) incarne la volont\u00e9 strat\u00e9gique du Gouvernement burkinab\u00e8 de doter l\u2019administration \u00e9conomique et financi\u00e8re, ainsi que le secteur priv\u00e9, de cadres hautement qualifi\u00e9s dans les domaines de la fiscalit\u00e9, de la finance publique, de la comptabilit\u00e9, de l\u2019am\u00e9nagement du territoire et du d\u00e9veloppement \u00e9conomique.<\/p>\n<p>Cr\u00e9\u00e9 par d\u00e9cret du Conseil des ministres en date du 15 janvier 2025, l\u2019IFPB r\u00e9sulte du regroupement de deux institutions de renom : <strong>l\u2019\u00c9cole nationale des r\u00e9gies financi\u00e8res (ENAREF) et l\u2019\u00c9cole nationale des douanes (END)<\/strong>. Il constitue d\u00e9sormais un \u00e9tablissement public unique\u00a0\u00a0\u00a0 d\u00e9di\u00e9 \u00e0 la formation initiale, continue, \u00e0 la recherche appliqu\u00e9e et \u00e0 l\u2019appui-conseil en finances publiques.<\/p>\n<p>En 2025, l\u2019IFPB accueille plus de 1 800 stagiaires, r\u00e9partis dans huit fili\u00e8res de sp\u00e9cialisation :<\/p>\n<ul>\n<li>Fiscalit\u00e9<\/li>\n<li>Douane<\/li>\n<li>Finances<\/li>\n<li>Comptabilit\u00e9<\/li>\n<li>Cadastre<\/li>\n<li>\u00c9conomie et D\u00e9veloppement<\/li>\n<li>Statistiques<\/li>\n<li>Am\u00e9nagement du Territoire<\/li>\n<\/ul>\n<p>Fort d\u2019un corps professoral exp\u00e9riment\u00e9 et de partenariats solides avec des universit\u00e9s nationales et internationales, l\u2019IFPB s\u2019affirme comme un centre d\u2019excellence r\u00e9gional, au service des administrations publiques de plusieurs pays, des collectivit\u00e9s territoriales et du secteur priv\u00e9.<\/p>\n<p><strong>Une nouvelle d\u00e9nomination, pour une ambition renouvel\u00e9e : r\u00e9pondre aux grands d\u00e9fis de la transformation de l\u2019action publique en Afrique.<\/strong><\/p>\n<p>[\/vc_column_text][\/vc_column][\/vc_row]<\/p>\n<\/div>","protected":false},"excerpt":{"rendered":"<p>[vc_row][vc_column width=&#8221;1\/1&#8243;][vc_column_text] L\u2019Institut des Finances Publiques du Burkina (IFPB) h\u00e9riti\u00e8re de l\u2019Ecole Nationale de R\u00e9gies Financi\u00e8res (ENAREF) incarne la volont\u00e9 strat\u00e9gique du Gouvernement burkinab\u00e8 de doter l\u2019administration \u00e9conomique et financi\u00e8re, ainsi que le secteur priv\u00e9, de cadres hautement qualifi\u00e9s dans les domaines de la fiscalit\u00e9, de la finance publique, de la comptabilit\u00e9, de l\u2019am\u00e9nagement du territoire et du d\u00e9veloppement \u00e9conomique. Cr\u00e9\u00e9 par d\u00e9cret du Conseil des ministres en date du 15 janvier 2025, l\u2019IFPB r\u00e9sulte du regroupement de deux institutions de renom : l\u2019\u00c9cole nationale des r\u00e9gies financi\u00e8res (ENAREF) et l\u2019\u00c9cole nationale des douanes (END). Il constitue d\u00e9sormais un \u00e9tablissement public unique\u00a0\u00a0\u00a0 d\u00e9di\u00e9 \u00e0 la formation initiale, continue, \u00e0 la recherche appliqu\u00e9e et \u00e0 l\u2019appui-conseil en finances publiques. En 2025, l\u2019IFPB accueille plus de 1 800 stagiaires, r\u00e9partis dans huit fili\u00e8res de sp\u00e9cialisation : Fiscalit\u00e9 Douane Finances Comptabilit\u00e9 Cadastre \u00c9conomie et D\u00e9veloppement Statistiques Am\u00e9nagement du Territoire Fort d\u2019un corps professoral exp\u00e9riment\u00e9 et de partenariats solides avec des universit\u00e9s nationales et internationales, l\u2019IFPB s\u2019affirme comme un centre d\u2019excellence r\u00e9gional, au service des administrations publiques de plusieurs pays, des collectivit\u00e9s territoriales et du secteur priv\u00e9. Une nouvelle d\u00e9nomination, pour une ambition renouvel\u00e9e : r\u00e9pondre aux grands d\u00e9fis de la transformation de l\u2019action [&hellip;]<\/p>\n","protected":false},"author":1,"featured_media":0,"parent":0,"menu_order":0,"comment_status":"closed","ping_status":"closed","template":"","meta":{"footnotes":""},"class_list":["post-15863","page","type-page","status-publish","hentry"],"_links":{"self":[{"href":"https:\/\/resifip.net\/index.php?rest_route=\/wp\/v2\/pages\/15863","targetHints":{"allow":["GET"]}}],"collection":[{"href":"https:\/\/resifip.net\/index.php?rest_route=\/wp\/v2\/pages"}],"about":[{"href":"https:\/\/resifip.net\/index.php?rest_route=\/wp\/v2\/types\/page"}],"author":[{"embeddable":true,"href":"https:\/\/resifip.net\/index.php?rest_route=\/wp\/v2\/users\/1"}],"replies":[{"embeddable":true,"href":"https:\/\/resifip.net\/index.php?rest_route=%2Fwp%2Fv2%2Fcomments&post=15863"}],"version-history":[{"count":3,"href":"https:\/\/resifip.net\/index.php?rest_route=\/wp\/v2\/pages\/15863\/revisions"}],"predecessor-version":[{"id":15880,"href":"https:\/\/resifip.net\/index.php?rest_route=\/wp\/v2\/pages\/15863\/revisions\/15880"}],"wp:attachment":[{"href":"https:\/\/resifip.net\/index.php?rest_route=%2Fwp%2Fv2%2Fmedia&parent=15863"}],"curies":[{"name":"wp","href":"https:\/\/api.w.org\/{rel}","templated":true}]}}