{"id":15862,"date":"2025-04-11T05:57:52","date_gmt":"2025-04-11T05:57:52","guid":{"rendered":"http:\/\/new.resifip.net\/?page_id=15862"},"modified":"2025-04-11T06:34:38","modified_gmt":"2025-04-11T06:34:38","slug":"idf-civ","status":"publish","type":"page","link":"https:\/\/resifip.net\/?page_id=15862","title":{"rendered":"IDF CIV"},"content":{"rendered":"<div class=\"wpb-content-wrapper\"><p>[vc_row][vc_column]<div class=\"flexslider wpb_content_element\"><ul class=\"slides\"><li><img decoding=\"async\" src=\"https:\/\/resifip.net\/wp-content\/uploads\/2025\/04\/7.png\" alt=\"\" \/><\/li><li><img decoding=\"async\" src=\"https:\/\/resifip.net\/wp-content\/uploads\/2025\/04\/6.jpg\" alt=\"\" \/><\/li><li><img decoding=\"async\" src=\"https:\/\/resifip.net\/wp-content\/uploads\/2025\/04\/5.jpg\" alt=\"\" \/><\/li><li><img decoding=\"async\" src=\"https:\/\/resifip.net\/wp-content\/uploads\/2025\/04\/111.png\" alt=\"\" \/><\/li><li><img decoding=\"async\" src=\"https:\/\/resifip.net\/wp-content\/uploads\/2025\/04\/2.jpg\" alt=\"\" \/><\/li><li><img decoding=\"async\" src=\"https:\/\/resifip.net\/wp-content\/uploads\/2025\/04\/3.jpg\" alt=\"\" \/><\/li><li><img decoding=\"async\" src=\"https:\/\/resifip.net\/wp-content\/uploads\/2025\/04\/4.jpg\" alt=\"\" \/><\/li><\/ul><\/div>[vc_column_text]<strong>PRESENTATION GENERALE<\/strong><\/p>\n<p>L\u2019Institut des Finances (IdF) de C\u00f4te d\u2019Ivoire est une structure de formation continue des agents des administrations \u00e9conomiques et financi\u00e8res, qui dispense des formations de courte dur\u00e9e (1 \u00e0 5 jours) anim\u00e9es par des experts publics locaux.<\/p>\n<p>Depuis 2013, les capacit\u00e9s de 16 695 agents (toutes cat\u00e9gories d\u2019appartenance confondues\u00a0: A, B, C, D et contractuels) y ont ainsi \u00e9t\u00e9 renforc\u00e9es.<\/p>\n<p>L\u2019IdF dispose d\u2019un vivier d\u2019une soixantaine de formateurs internes praticiens. Une \u00e9quipe logistique r\u00e9duite s\u2019appuie sur les services en charge de la formation dans les diff\u00e9rentes Directions G\u00e9n\u00e9rales et structures partenaires.<\/p>\n<p>Cr\u00e9\u00e9 mi-2012 dans le cadre d\u2019un partenariat avec la France, l\u2019IdF est install\u00e9 depuis ao\u00fbt 2015 sur le site secondaire de l\u2019Universit\u00e9 F\u00e9lix Houphouet Boigny \u00e0 Bingerville, dans le cadre d\u2019un partenariat.<\/p>\n<p>L\u2019IdF est pilot\u00e9 depuis le mois de mars 2025 par le Conseiller du Ministre Alex POUHE, qui a succ\u00e9d\u00e9 au Professeur BAMBA N\u2019Galadjo.<\/p>\n<p>&nbsp;<\/p>\n<p><strong>LES OBJECTIFS MAJEURS<\/strong><\/p>\n<ul>\n<li>Am\u00e9liorer la performance des ressources humaines et permettre l\u2019\u00e9mergence d\u2019un v\u00e9ritable capital humain\u00a0;<\/li>\n<li>Accompagner les r\u00e9formes relatives aux finances publiques et uniformiser les pratiques en appliquant les standards internationaux\u00a0;<\/li>\n<li>D\u00e9velopper et valoriser l\u2019expertise publique locale en cr\u00e9ant un vivier de formateurs praticiens.<\/li>\n<\/ul>\n<p>&nbsp;<\/p>\n<p><strong>LES FORMATIONS REALISEES<\/strong><\/p>\n<p><strong>Ing\u00e9nierie de formation<\/strong><\/p>\n<ul>\n<li>Animation d\u2019une formation<\/li>\n<li>Conception d\u2019une formation<\/li>\n<li>Evaluation des formations\u00a0: principes et m\u00e9thodes<\/li>\n<\/ul>\n<p><strong>Economie<\/strong><\/p>\n<ul>\n<li>Balance des paiements<\/li>\n<li>Coop\u00e9ration et promotion \u00e9conomiques<\/li>\n<li>Int\u00e9gration \u00e9conomique r\u00e9gionale<\/li>\n<li>Gestion macro\u00e9conomique et politique budg\u00e9taire<\/li>\n<li>Perfectionnement en comptabilit\u00e9 nationale<\/li>\n<li>Politique \u00e9conomique et gestion macro\u00e9conomique<\/li>\n<li>Prospective strat\u00e9gique<\/li>\n<li>Programmation math\u00e9matique et analyse des donn\u00e9es<\/li>\n<li>Planification strat\u00e9gique<\/li>\n<li>Techniques et analyse de diagnostics \u00e9conomiques<\/li>\n<li>Tableau des Op\u00e9rations Financi\u00e8res de l\u2019Etat<\/li>\n<li>Veille strat\u00e9gique et intelligence \u00e9conomique<\/li>\n<\/ul>\n<p><strong>D\u00e9penses publiques<\/strong><\/p>\n<ul>\n<li>Budget-programme<\/li>\n<li>Comptabilit\u00e9 des mati\u00e8res<\/li>\n<li>Fondamentaux de la LOLF<\/li>\n<li>Fondamentaux des march\u00e9s publics<\/li>\n<li>GAR et performance<\/li>\n<li>Gestion des abonnements des services de l\u2019Etat<\/li>\n<li>Gestion des EPN<\/li>\n<li>Gestion des v\u00e9hicules administratifs<\/li>\n<li>Mise en \u0153uvre des AE-CP<\/li>\n<li>Passation des march\u00e9s publics<\/li>\n<li>Planification des projets et programmes<\/li>\n<li>SIGOMAP V2<\/li>\n<\/ul>\n<p><strong>Qualit\u00e9, contr\u00f4le et audit<\/strong><\/p>\n<ul>\n<li>Audit organisationnel<\/li>\n<li>Contr\u00f4le interne<\/li>\n<li>Contr\u00f4le interne budg\u00e9taire<\/li>\n<li>Ma\u00eetrise des risques<\/li>\n<li>Norme ISO 9001 vs 2015<\/li>\n<li>Promotion de la d\u00e9marche qualit\u00e9<\/li>\n<li>Suivi-\u00e9valuation, conception et r\u00e9alisation des TDB<\/li>\n<li>Techniques d\u2019enqu\u00eates de satisfaction<\/li>\n<\/ul>\n<p><strong>Gestion des services et du personnel<\/strong><\/p>\n<ul>\n<li>Accueil du public<\/li>\n<li>Approche par comp\u00e9tences et plans d\u2019actions<\/li>\n<li>Archivistique (initiation et perfectionnement)<\/li>\n<li>Conduite du changement<\/li>\n<li>D\u00e9l\u00e9guer avec efficacit\u00e9<\/li>\n<li>Genre (approche et promotion)<\/li>\n<li>Outils de gestion d\u2019un secr\u00e9tariat<\/li>\n<li>R\u00e9daction administrative<\/li>\n<li>R\u00e9f\u00e9rentiel des emplois et des comp\u00e9tences<\/li>\n<\/ul>\n<p>&nbsp;<\/p>\n<p><strong>PERSPECTIVES\u00a0:<\/strong><\/p>\n<ul>\n<li>Doter l\u2019IdF du statut d\u2019\u00e9tablissement public national, ce qui lui conf\u00e9rera une autonomie budg\u00e9taire et lui permettra de r\u00e9aliser des recettes.<\/li>\n<\/ul>\n<p>Achever la construction de locaux d\u00e9di\u00e9s \u00e0 l\u2019andragogie et les \u00e9quiper. Le b\u00e2timent p\u00e9dagogique est termin\u00e9 (2 amphith\u00e9\u00e2tres, 1 salle informatique, 5 salles de cours) et les travaux de construction du b\u00e2timent administratif ont d\u00e9marr\u00e9 (espace restauration, accueil et bureaux).[\/vc_column_text][\/vc_column][vc_column][\/vc_column][\/vc_row]<\/p>\n<\/div>","protected":false},"excerpt":{"rendered":"<p>[vc_row][vc_column][vc_column_text]PRESENTATION GENERALE L\u2019Institut des Finances (IdF) de C\u00f4te d\u2019Ivoire est une structure de formation continue des agents des administrations \u00e9conomiques et financi\u00e8res, qui dispense des formations de courte dur\u00e9e (1 \u00e0 5 jours) anim\u00e9es par des experts publics locaux. Depuis 2013, les capacit\u00e9s de 16 695 agents (toutes cat\u00e9gories d\u2019appartenance confondues\u00a0: A, B, C, D et contractuels) y ont ainsi \u00e9t\u00e9 renforc\u00e9es. L\u2019IdF dispose d\u2019un vivier d\u2019une soixantaine de formateurs internes praticiens. Une \u00e9quipe logistique r\u00e9duite s\u2019appuie sur les services en charge de la formation dans les diff\u00e9rentes Directions G\u00e9n\u00e9rales et structures partenaires. Cr\u00e9\u00e9 mi-2012 dans le cadre d\u2019un partenariat avec la France, l\u2019IdF est install\u00e9 depuis ao\u00fbt 2015 sur le site secondaire de l\u2019Universit\u00e9 F\u00e9lix Houphouet Boigny \u00e0 Bingerville, dans le cadre d\u2019un partenariat. L\u2019IdF est pilot\u00e9 depuis le mois de mars 2025 par le Conseiller du Ministre Alex POUHE, qui a succ\u00e9d\u00e9 au Professeur BAMBA N\u2019Galadjo. &nbsp; LES OBJECTIFS MAJEURS Am\u00e9liorer la performance des ressources humaines et permettre l\u2019\u00e9mergence d\u2019un v\u00e9ritable capital humain\u00a0; Accompagner les r\u00e9formes relatives aux finances publiques et uniformiser les pratiques en appliquant les standards internationaux\u00a0; D\u00e9velopper et valoriser l\u2019expertise publique locale en cr\u00e9ant un vivier de formateurs praticiens. &nbsp; LES FORMATIONS REALISEES Ing\u00e9nierie de [&hellip;]<\/p>\n","protected":false},"author":1,"featured_media":0,"parent":0,"menu_order":0,"comment_status":"closed","ping_status":"closed","template":"","meta":{"footnotes":""},"class_list":["post-15862","page","type-page","status-publish","hentry"],"_links":{"self":[{"href":"https:\/\/resifip.net\/index.php?rest_route=\/wp\/v2\/pages\/15862","targetHints":{"allow":["GET"]}}],"collection":[{"href":"https:\/\/resifip.net\/index.php?rest_route=\/wp\/v2\/pages"}],"about":[{"href":"https:\/\/resifip.net\/index.php?rest_route=\/wp\/v2\/types\/page"}],"author":[{"embeddable":true,"href":"https:\/\/resifip.net\/index.php?rest_route=\/wp\/v2\/users\/1"}],"replies":[{"embeddable":true,"href":"https:\/\/resifip.net\/index.php?rest_route=%2Fwp%2Fv2%2Fcomments&post=15862"}],"version-history":[{"count":4,"href":"https:\/\/resifip.net\/index.php?rest_route=\/wp\/v2\/pages\/15862\/revisions"}],"predecessor-version":[{"id":15871,"href":"https:\/\/resifip.net\/index.php?rest_route=\/wp\/v2\/pages\/15862\/revisions\/15871"}],"wp:attachment":[{"href":"https:\/\/resifip.net\/index.php?rest_route=%2Fwp%2Fv2%2Fmedia&parent=15862"}],"curies":[{"name":"wp","href":"https:\/\/api.w.org\/{rel}","templated":true}]}}