{"id":15796,"date":"2025-02-06T00:17:12","date_gmt":"2025-02-06T00:17:12","guid":{"rendered":"http:\/\/new.resifip.net\/?page_id=15796"},"modified":"2025-04-11T06:57:03","modified_gmt":"2025-04-11T06:57:03","slug":"nos-partenaires-et-liens-utiles","status":"publish","type":"page","link":"https:\/\/resifip.net\/?page_id=15796","title":{"rendered":"Nos Partenaires et Liens Utiles"},"content":{"rendered":"<div class=\"wpb-content-wrapper\"><p>[vc_row][vc_column width=&#8221;1\/1&#8243;][vc_column_text]<\/p>\n<p class=\"\" data-start=\"369\" data-end=\"607\">Bienvenue sur la page d\u00e9di\u00e9e \u00e0 nos <strong data-start=\"404\" data-end=\"419\">partenaires<\/strong> et aux <strong data-start=\"427\" data-end=\"443\">liens utiles<\/strong>.<br data-start=\"444\" data-end=\"447\" \/>Dans le cadre de ses activit\u00e9s, le <strong data-start=\"482\" data-end=\"493\">RESIFIP<\/strong> collabore avec plusieurs institutions, r\u00e9seaux et acteurs cl\u00e9s de la finance publique \u00e0 l\u2019\u00e9chelle internationale.<\/p>\n<p class=\"\" data-start=\"609\" data-end=\"854\">Vous trouverez ci-dessous une liste de liens vers des sites partenaires. Ces ressources vous permettront d\u2019acc\u00e9der \u00e0 des informations compl\u00e9mentaires, des initiatives similaires ou des contenus sp\u00e9cialis\u00e9s dans le domaine de la finance publique.<\/p>\n<p>[\/vc_column_text]<div class=\"minti_carousel  grab-false dots\" data-columns=\"3\" data-tabletcolumns=\"3\" data-nav=\"true\" data-pagination=\"true\" data-autoplay=\"false\" data-animationtime=\"4000\"><div class=\"minti_list wpb_content_element color-grey circle\" style=\"\">\n<ul>\n<li><a href=\"https:\/\/www.finances.gov.ma\/\">\u0648\u0632\u0627\u0631\u0629 \u0627\u0644\u0627\u0642\u062a\u0635\u0627\u062f \u0648 \u0627\u0644\u0645\u0627\u0644\u064a\u0629<\/a><\/li>\n<li><a href=\"https:\/\/www.pfinancespubliques.org\/\">PSSFP<\/a><\/li>\n<li><a href=\"http:\/\/ena.enaref.gov.bf\/\">ENARAF<\/a><\/li>\n<li><a href=\"https:\/\/enf-rdc.net\/\">DGENF &#8211; RDC<\/a><\/li>\n<li><a href=\"https:\/\/www.expertisefrance.fr\/\">EXPERTISE &#8211; FRANCE<\/a><\/li>\n<li><a href=\"http:\/\/new.resifip.net\/?page_id=15862\">IDF CIV<\/a><\/li>\n<li><a href=\"http:\/\/new.resifip.net\/?page_id=15863\">IFPB<\/a><\/li>\n<\/ul>\n<\/div><\/div>[vc_column_text]<\/p>\n<p class=\"\" data-start=\"369\" data-end=\"607\">&#x1f449; Pour consulter les sites partenaires, vous pouvez \u00e9galement utiliser le menu d\u00e9roulant ci-dessus. Chaque lien vous redirige directement vers le site externe correspondant.<\/p>\n<p>[\/vc_column_text][\/vc_column][\/vc_row]<\/p>\n<\/div>","protected":false},"excerpt":{"rendered":"<p>[vc_row][vc_column width=&#8221;1\/1&#8243;][vc_column_text] Bienvenue sur la page d\u00e9di\u00e9e \u00e0 nos partenaires et aux liens utiles.Dans le cadre de ses activit\u00e9s, le RESIFIP collabore avec plusieurs institutions, r\u00e9seaux et acteurs cl\u00e9s de la finance publique \u00e0 l\u2019\u00e9chelle internationale. Vous trouverez ci-dessous une liste de liens vers des sites partenaires. Ces ressources vous permettront d\u2019acc\u00e9der \u00e0 des informations compl\u00e9mentaires, des initiatives similaires ou des contenus sp\u00e9cialis\u00e9s dans le domaine de la finance publique. [\/vc_column_text][vc_column_text] &#x1f449; Pour consulter les sites partenaires, vous pouvez \u00e9galement utiliser le menu d\u00e9roulant ci-dessus. Chaque lien vous redirige directement vers le site externe correspondant. [\/vc_column_text][\/vc_column][\/vc_row]<\/p>\n","protected":false},"author":1,"featured_media":0,"parent":0,"menu_order":0,"comment_status":"closed","ping_status":"closed","template":"","meta":{"footnotes":""},"class_list":["post-15796","page","type-page","status-publish","hentry"],"_links":{"self":[{"href":"https:\/\/resifip.net\/index.php?rest_route=\/wp\/v2\/pages\/15796","targetHints":{"allow":["GET"]}}],"collection":[{"href":"https:\/\/resifip.net\/index.php?rest_route=\/wp\/v2\/pages"}],"about":[{"href":"https:\/\/resifip.net\/index.php?rest_route=\/wp\/v2\/types\/page"}],"author":[{"embeddable":true,"href":"https:\/\/resifip.net\/index.php?rest_route=\/wp\/v2\/users\/1"}],"replies":[{"embeddable":true,"href":"https:\/\/resifip.net\/index.php?rest_route=%2Fwp%2Fv2%2Fcomments&post=15796"}],"version-history":[{"count":5,"href":"https:\/\/resifip.net\/index.php?rest_route=\/wp\/v2\/pages\/15796\/revisions"}],"predecessor-version":[{"id":15884,"href":"https:\/\/resifip.net\/index.php?rest_route=\/wp\/v2\/pages\/15796\/revisions\/15884"}],"wp:attachment":[{"href":"https:\/\/resifip.net\/index.php?rest_route=%2Fwp%2Fv2%2Fmedia&parent=15796"}],"curies":[{"name":"wp","href":"https:\/\/api.w.org\/{rel}","templated":true}]}}