{"id":15645,"date":"2024-10-28T12:57:27","date_gmt":"2024-10-28T12:57:27","guid":{"rendered":"http:\/\/new.resifip.net\/?page_id=15645"},"modified":"2025-04-17T11:26:13","modified_gmt":"2025-04-17T10:26:13","slug":"contacts","status":"publish","type":"page","link":"https:\/\/resifip.net\/?page_id=15645","title":{"rendered":"Contacts"},"content":{"rendered":"\n<style>\n  .contact-form {\n    max-width: 600px;\n    margin: auto;\n    font-family: sans-serif;\n  }\n\n  .contact-form label {\n    display: block;\n    margin-bottom: 5px;\n    font-weight: bold;\n  }\n\n  .contact-form input,\n  .contact-form textarea,\n  .contact-form select {\n    width: 100%;\n    padding: 10px;\n    margin-bottom: 20px;\n    border: 1px solid #ccc;\n    border-radius: 4px;\n    font-size: 15px;\n  }\n\n  .contact-form button {\n    background-color: #005aa7;\n    color: white;\n    padding: 10px 20px;\n    font-size: 16px;\n    border: none;\n    border-radius: 4px;\n    cursor: pointer;\n    transition: background-color 0.3s ease;\n  }\n\n  .contact-form button:hover {\n    background-color: #003f7d;\n  }\n<\/style>\n\n<form class=\"contact-form\" action=\"mailto:ton-email@tondomaine.com\" method=\"post\" enctype=\"text\/plain\">\n  <label for=\"prenom\">Pr\u00e9nom<\/label>\n  <input type=\"text\" id=\"prenom\" name=\"Pr\u00e9nom\" required>\n\n  <label for=\"nom\">Nom<\/label>\n  <input type=\"text\" id=\"nom\" name=\"Nom\" required>\n\n  <label for=\"email\">Adresse e-mail<\/label>\n  <input type=\"email\" id=\"email\" name=\"Email\" required>\n\n  <label for=\"tel\">T\u00e9l\u00e9phone<\/label>\n  <input type=\"tel\" id=\"tel\" name=\"T\u00e9l\u00e9phone\">\n\n  <label for=\"sujet\">Sujet<\/label>\n  <select id=\"sujet\" name=\"Sujet\" required>\n    <option value=\"\">&#8212; S\u00e9lectionnez un sujet &#8212;<\/option>\n    <option value=\"Demande d'information\">Demande d&#8217;information<\/option>\n    <option value=\"Prise de rendez-vous\">Prise de rendez-vous<\/option>\n    <option value=\"Autre\">Autre<\/option>\n  <\/select>\n\n  <label for=\"message\">Message<\/label>\n  <textarea id=\"message\" name=\"Message\" rows=\"6\" required><\/textarea>\n\n  <button type=\"submit\">Envoyer<\/button>\n<\/form>\n\n\n\n<div class=\"wp-block-image\">\n<figure class=\"aligncenter size-large is-resized\"><img loading=\"lazy\" decoding=\"async\" width=\"1024\" height=\"761\" src=\"http:\/\/new.resifip.net\/wp-content\/uploads\/2025\/04\/Capture-decran-2025-04-17-111954-1024x761.png\" alt=\"\" class=\"wp-image-16021\" style=\"width:802px;height:auto\" srcset=\"https:\/\/resifip.net\/wp-content\/uploads\/2025\/04\/Capture-decran-2025-04-17-111954-1024x761.png 1024w, https:\/\/resifip.net\/wp-content\/uploads\/2025\/04\/Capture-decran-2025-04-17-111954-300x223.png 300w, https:\/\/resifip.net\/wp-content\/uploads\/2025\/04\/Capture-decran-2025-04-17-111954-768x570.png 768w, https:\/\/resifip.net\/wp-content\/uploads\/2025\/04\/Capture-decran-2025-04-17-111954-600x446.png 600w, https:\/\/resifip.net\/wp-content\/uploads\/2025\/04\/Capture-decran-2025-04-17-111954.png 1201w\" sizes=\"auto, (max-width: 1024px) 100vw, 1024px\" \/><\/figure>\n<\/div>","protected":false},"excerpt":{"rendered":"<p>Pr\u00e9nom Nom Adresse e-mail T\u00e9l\u00e9phone Sujet &#8212; S\u00e9lectionnez un sujet &#8212;Demande d&#8217;informationPrise de rendez-vousAutre Message Envoyer<\/p>\n","protected":false},"author":1,"featured_media":0,"parent":0,"menu_order":0,"comment_status":"closed","ping_status":"closed","template":"","meta":{"footnotes":""},"class_list":["post-15645","page","type-page","status-publish","hentry"],"_links":{"self":[{"href":"https:\/\/resifip.net\/index.php?rest_route=\/wp\/v2\/pages\/15645","targetHints":{"allow":["GET"]}}],"collection":[{"href":"https:\/\/resifip.net\/index.php?rest_route=\/wp\/v2\/pages"}],"about":[{"href":"https:\/\/resifip.net\/index.php?rest_route=\/wp\/v2\/types\/page"}],"author":[{"embeddable":true,"href":"https:\/\/resifip.net\/index.php?rest_route=\/wp\/v2\/users\/1"}],"replies":[{"embeddable":true,"href":"https:\/\/resifip.net\/index.php?rest_route=%2Fwp%2Fv2%2Fcomments&post=15645"}],"version-history":[{"count":6,"href":"https:\/\/resifip.net\/index.php?rest_route=\/wp\/v2\/pages\/15645\/revisions"}],"predecessor-version":[{"id":16026,"href":"https:\/\/resifip.net\/index.php?rest_route=\/wp\/v2\/pages\/15645\/revisions\/16026"}],"wp:attachment":[{"href":"https:\/\/resifip.net\/index.php?rest_route=%2Fwp%2Fv2%2Fmedia&parent=15645"}],"curies":[{"name":"wp","href":"https:\/\/api.w.org\/{rel}","templated":true}]}}