{"id":15609,"date":"2024-10-28T03:25:39","date_gmt":"2024-10-28T03:25:39","guid":{"rendered":"http:\/\/new.resifip.net\/?page_id=15609"},"modified":"2024-10-28T03:41:13","modified_gmt":"2024-10-28T03:41:13","slug":"pays-membres","status":"publish","type":"page","link":"https:\/\/resifip.net\/?page_id=15609","title":{"rendered":"Pays Membres"},"content":{"rendered":"<div class=\"wpb-content-wrapper\"><p>[vc_row][vc_column width=&#8221;1\/1&#8243;][vc_column_text]L e Resifip est un espace privil\u00e9gi\u00e9 de rencontre de nombreux responsables et sp\u00e9cialis\u00e2tes des mondes universitaires, professionnel et de la soci\u00e9t\u00e9 civil ainsi que des repr\u00e9sentant des organisations internationales et r\u00e9gionales et bien sur des participants de nombreux pays francophones \u00e0 savoir :[\/vc_column_text]<div class=\"single_image wpb_content_element align-left    \" data-animation=\"none\" data-delay=\"0\"><\/div>[vc_row_inner][vc_column_inner width=&#8221;1\/3&#8243;][vc_column_text]<\/p>\n<ul>\n<li>Alg\u00e9rie<\/li>\n<li>Angola<\/li>\n<li>Bahre\u00efn<\/li>\n<li>B\u00e9nin<\/li>\n<li>Burkina Faso<\/li>\n<li>Burundi<\/li>\n<li>Cameroun<\/li>\n<li>Comores<\/li>\n<li>Congo Brazzaville<\/li>\n<li>C\u00f4te d\u2019Ivoire<\/li>\n<li>Djibouti<\/li>\n<\/ul>\n<p>[\/vc_column_text][\/vc_column_inner][vc_column_inner width=&#8221;1\/3&#8243;][vc_column_text]<\/p>\n<ul>\n<li>\u00c9gypte<\/li>\n<li>France<\/li>\n<li>Gabon<\/li>\n<li>Gambie<\/li>\n<li>Guin\u00e9e Conakry<\/li>\n<li>Guin\u00e9e-Bissau<\/li>\n<li>Ha\u00efti<\/li>\n<li>Madagascar<\/li>\n<li>Mali<\/li>\n<li>Maroc<\/li>\n<li>Mauritanie<\/li>\n<\/ul>\n<p>[\/vc_column_text][\/vc_column_inner][vc_column_inner width=&#8221;1\/3&#8243;][vc_column_text]<\/p>\n<ul>\n<li>Niger<\/li>\n<li>Libye<\/li>\n<li>Palestine<\/li>\n<li>R\u00e9publique Centrafricaine<\/li>\n<li>R\u00e9publique d\u00e9mocratique du Congo<\/li>\n<li>S\u00e9n\u00e9gal<\/li>\n<li>Soudan<\/li>\n<li>Swaziland<\/li>\n<li>Tchad<\/li>\n<li>Togo<\/li>\n<li>Tunisie<\/li>\n<\/ul>\n<p>[\/vc_column_text][\/vc_column_inner][\/vc_row_inner][\/vc_column][\/vc_row]<\/p>\n<\/div>","protected":false},"excerpt":{"rendered":"<p>[vc_row][vc_column width=&#8221;1\/1&#8243;][vc_column_text]L e Resifip est un espace privil\u00e9gi\u00e9 de rencontre de nombreux responsables et sp\u00e9cialis\u00e2tes des mondes universitaires, professionnel et de la soci\u00e9t\u00e9 civil ainsi que des repr\u00e9sentant des organisations internationales et r\u00e9gionales et bien sur des participants de nombreux pays francophones \u00e0 savoir :[\/vc_column_text][vc_row_inner][vc_column_inner width=&#8221;1\/3&#8243;][vc_column_text] Alg\u00e9rie Angola Bahre\u00efn B\u00e9nin Burkina Faso Burundi Cameroun Comores Congo Brazzaville C\u00f4te d\u2019Ivoire Djibouti [\/vc_column_text][\/vc_column_inner][vc_column_inner width=&#8221;1\/3&#8243;][vc_column_text] \u00c9gypte France Gabon Gambie Guin\u00e9e Conakry Guin\u00e9e-Bissau Ha\u00efti Madagascar Mali Maroc Mauritanie [\/vc_column_text][\/vc_column_inner][vc_column_inner width=&#8221;1\/3&#8243;][vc_column_text] Niger Libye Palestine R\u00e9publique Centrafricaine R\u00e9publique d\u00e9mocratique du Congo S\u00e9n\u00e9gal Soudan Swaziland Tchad Togo Tunisie [\/vc_column_text][\/vc_column_inner][\/vc_row_inner][\/vc_column][\/vc_row]<\/p>\n","protected":false},"author":1,"featured_media":0,"parent":0,"menu_order":0,"comment_status":"closed","ping_status":"closed","template":"","meta":{"footnotes":""},"class_list":["post-15609","page","type-page","status-publish","hentry"],"_links":{"self":[{"href":"https:\/\/resifip.net\/index.php?rest_route=\/wp\/v2\/pages\/15609","targetHints":{"allow":["GET"]}}],"collection":[{"href":"https:\/\/resifip.net\/index.php?rest_route=\/wp\/v2\/pages"}],"about":[{"href":"https:\/\/resifip.net\/index.php?rest_route=\/wp\/v2\/types\/page"}],"author":[{"embeddable":true,"href":"https:\/\/resifip.net\/index.php?rest_route=\/wp\/v2\/users\/1"}],"replies":[{"embeddable":true,"href":"https:\/\/resifip.net\/index.php?rest_route=%2Fwp%2Fv2%2Fcomments&post=15609"}],"version-history":[{"count":4,"href":"https:\/\/resifip.net\/index.php?rest_route=\/wp\/v2\/pages\/15609\/revisions"}],"predecessor-version":[{"id":15611,"href":"https:\/\/resifip.net\/index.php?rest_route=\/wp\/v2\/pages\/15609\/revisions\/15611"}],"wp:attachment":[{"href":"https:\/\/resifip.net\/index.php?rest_route=%2Fwp%2Fv2%2Fmedia&parent=15609"}],"curies":[{"name":"wp","href":"https:\/\/api.w.org\/{rel}","templated":true}]}}